{"id":669,"date":"2018-11-06T09:20:11","date_gmt":"2018-11-06T09:20:11","guid":{"rendered":"http:\/\/brainbizz.webgeniuslab.net\/?page_id=669"},"modified":"2020-04-13T18:29:22","modified_gmt":"2020-04-13T18:29:22","slug":"services","status":"publish","type":"page","link":"https:\/\/wtcankara.org.tr\/tr\/services\/","title":{"rendered":"Hizmetler"},"content":{"rendered":"<div class=\"vc_row wpb_row vc_row-fluid vc_custom_1541496326481 vc_row-has-fill\"><div class=\"wpb_column vc_column_container vc_col-sm-12\"><div class=\"vc_column-inner\"><div class=\"wpb_wrapper\"><div id=\"brainbizz_dbl_69e73130513b3\" class=\"brainbizz_module_double_headings aleft\"><div class=\"heading_subtitle\" style=\"font-size:14px; line-height:12px; font-weight:600; \">Hizmetlerimiz<\/div><div class=\"heading_title\" style=\"font-size:36px; line-height:1.167; font-weight:400; \">Sizin \u0130\u00e7in Neler Sunuyoruz?<\/div><\/div>  \n<div  class =\"brainbizz_module_spacing\"><div class=\"spacing_size spacing_size-initial\" style=\"height:21px;\"><\/div><\/div>  \n\n\t<div class=\"wpb_text_column wpb_content_element\" >\n\t\t<div class=\"wpb_wrapper\">\n\t\t\t<p>100 \u00fclkede 330'un \u00fczerinde D\u00fcnya Ticaret Merkezi bulunmaktad\u0131r ve \u00fcyeler, t\u00fcm D\u00fcnya Ticaret Merkezlerinin hizmet ve olanaklar\u0131ndan kendi \u00fcyelik oranlar\u0131 \u00fczerinden yararlanabilirler. Bu t\u00fcr hizmetler aras\u0131nda ge\u00e7ici ofis alan\u0131 ve toplant\u0131 tesislerine eri\u015fim, ticari ve finansal dan\u0131\u015fmanl\u0131k hizmetleri, ticaret misyonlar\u0131 ve bir araya getirme hizmetleri, uzun s\u00fcreli ofis alanlar\u0131 ve yerel otellerde indirimler ve e\u011fitim ve a\u011f olu\u015fturma etkinliklerinde indirimler yer al\u0131r.<\/p>\n\n\t\t<\/div>\n\t<\/div>\n<div  class =\"brainbizz_module_spacing\"><div class=\"spacing_size spacing_size-initial\" style=\"height:41px;\"><\/div><\/div>  \n<div class=\"vc_row wpb_row vc_inner vc_row-fluid\"><div class=\"wpb_column vc_column_container vc_col-sm-6 vc_col-lg-4 vc_col-md-6\"><div class=\"vc_column-inner\"><div class=\"wpb_wrapper\"><div class=\"brainbizz_module_services service_back_slide aleft anim_dir_to_right bg_front_frame\"><div class=\"services_wrapper\"><div class=\"services_front\" style=\"border-color:#e4e4e4;\"><div class=\"services_icon_wrapper\"><i class=\"services_icon flaticon-world\" style=\" color:#f0a24b;\"><\/i><\/div><h5 class=\"services_title\" style=\"color:#151515;\">D\u0131\u015f Ticaret Dan\u0131\u015fmanl\u0131\u011f\u0131<\/h5><div class=\"services_descr\" style=\"color:#616161;\">WTC Ankara, ihracat\/ithalat yapmak isteyen firmalara ticaret bilgilendirme ve d\u0131\u015f ticaret dan\u0131\u015fmanl\u0131\u011f\u0131 hizmetleri sunmaktad\u0131r...<\/div><\/div><div class=\"services_back\" style=\"background-image: url(https:\/\/wtcankara.org.tr\/wp-content\/uploads\/2020\/04\/serv1.jpg);\"><\/div><div class=\"services_button\"><div id=\"brainbizz_button_69e7313052605\" class=\"brainbizz_module_button wgl_button wgl_button-xl aleft\"><a href=\"https:\/\/wtcankara.org.tr\/tr\/services\/foreign-trade-consultancy\/\" title='D\u0131\u015f Ticaret Dan\u0131\u015fmanl\u0131\u011f\u0131' style=\"border-width:1px; margin-bottom:0px; \" class=\"wgl_button_link\">B\u0130LG\u0130 ED\u0130N\u0130N<\/a><\/div>\n<\/div><\/div><\/div><div  class =\"brainbizz_module_spacing\"><div class=\"spacing_size spacing_size-initial\" style=\"height:30px;\"><\/div><\/div>  \n<\/div><\/div><\/div><div class=\"wpb_column vc_column_container vc_col-sm-6 vc_col-lg-4 vc_col-md-6\"><div class=\"vc_column-inner\"><div class=\"wpb_wrapper\"><div class=\"brainbizz_module_services service_fade aleft bg_front_frame\"><div class=\"services_wrapper\"><div class=\"services_front\" style=\"border-color:#e4e4e4;\"><div class=\"services_icon_wrapper\"><i class=\"services_icon flaticon-graph\" style=\" color:#f0a24b;\"><\/i><\/div><h5 class=\"services_title\" style=\"color:#151515;\">Mali Dan\u0131\u015fmanl\u0131k<\/h5><div class=\"services_descr\" style=\"color:#616161;\">WTC Ankara, risk sermayedarlar\u0131 ve \u00f6zel sermaye yat\u0131r\u0131mc\u0131lar\u0131yla i\u015f birli\u011fi yaparak \u00fcyelerin i\u015flerini b\u00fcy\u00fctmelerine yard\u0131mc\u0131 oluyor...<\/div><\/div><div class=\"services_back\" style=\"background-image: url(https:\/\/wtcankara.org.tr\/wp-content\/uploads\/2020\/04\/serv2.jpg);\"><\/div><div class=\"services_button\"><div id=\"brainbizz_button_69e7313052b8f\" class=\"brainbizz_module_button wgl_button wgl_button-xl aleft\"><a href=\"https:\/\/wtcankara.org.tr\/tr\/services\/financial-consulting-2\/\" title='Mali Dan\u0131\u015fmanl\u0131k' style=\"border-width:1px; margin-bottom:0px; \" class=\"wgl_button_link\">B\u0130LG\u0130 ED\u0130N\u0130N<\/a><\/div>\n<\/div><\/div><\/div><div  class =\"brainbizz_module_spacing\"><div class=\"spacing_size spacing_size-initial\" style=\"height:30px;\"><\/div><\/div>  \n<\/div><\/div><\/div><div class=\"wpb_column vc_column_container vc_col-sm-6 vc_col-lg-4 vc_col-md-6 vc_hidden-md vc_hidden-sm vc_hidden-xs\"><div class=\"vc_column-inner\"><div class=\"wpb_wrapper\"><div class=\"brainbizz_module_services service_back_slide aleft anim_dir_to_left bg_front_frame\"><div class=\"services_wrapper\"><div class=\"services_front\" style=\"border-color:#e4e4e4;\"><div class=\"services_icon_wrapper\"><i class=\"services_icon flaticon-yield\" style=\" color:#f0a24b;\"><\/i><\/div><h5 class=\"services_title\" style=\"color:#151515;\">Do\u011frudan Yabanc\u0131 Yat\u0131r\u0131m\u0131 (FDI)<\/h5><div class=\"services_descr\" style=\"color:#616161;\">WTC Ankara, yerel yetkililer ve yerel ekonomik kalk\u0131nma kurulu\u015flar\u0131yla birlikte \u00e7al\u0131\u015farak...<\/div><\/div><div class=\"services_back\" style=\"background-image: url(https:\/\/wtcankara.org.tr\/wp-content\/uploads\/2020\/04\/serv3.jpg);\"><\/div><div class=\"services_button\"><div id=\"brainbizz_button_69e7313053073\" class=\"brainbizz_module_button wgl_button wgl_button-xl aleft\"><a href=\"https:\/\/wtcankara.org.tr\/tr\/services\/foreign-direct-investment\/\" title='Do\u011frudan Yabanc\u0131 Yat\u0131r\u0131m\u0131 (FDI)' style=\"border-width:1px; margin-bottom:0px; \" class=\"wgl_button_link\">B\u0130LG\u0130 ED\u0130N\u0130N<\/a><\/div>\n<\/div><\/div><\/div><div  class =\"brainbizz_module_spacing\"><div class=\"spacing_size spacing_size-initial\" style=\"height:30px;\"><\/div><\/div>  \n<\/div><\/div><\/div><\/div><div class=\"vc_row wpb_row vc_inner vc_row-fluid\"><div class=\"wpb_column vc_column_container vc_col-sm-6 vc_col-lg-4 vc_col-md-6\"><div class=\"vc_column-inner\"><div class=\"wpb_wrapper\"><div class=\"brainbizz_module_services service_back_slide aleft anim_dir_to_right bg_front_frame\"><div class=\"services_wrapper\"><div class=\"services_front\" style=\"border-color:#e4e4e4;\"><div class=\"services_icon_wrapper\"><i class=\"services_icon flaticon-chart-1\" style=\" color:#f0a24b;\"><\/i><\/div><h5 class=\"services_title\" style=\"color:#151515;\">Pazar Ara\u015ft\u0131rmas\u0131<\/h5><div class=\"services_descr\" style=\"color:#616161;\">WTC Ankara, \u00f6zellikle \u00f6ncelikli pazarlar\u0131 belirlemek i\u00e7in pazar ara\u015ft\u0131rmas\u0131 y\u00fcr\u00fctmede i\u015fletmenize yard\u0131mc\u0131 olur...<\/div><\/div><div class=\"services_back\" style=\"background-image: url();\"><\/div><div class=\"services_button\"><div id=\"brainbizz_button_69e73130534de\" class=\"brainbizz_module_button wgl_button wgl_button-xl aleft\"><a href=\"https:\/\/wtcankara.org.tr\/tr\/services\/market-research\/\" title='Pazar Ara\u015ft\u0131rmas\u0131' style=\"border-width:1px; margin-bottom:0px; \" class=\"wgl_button_link\">B\u0130LG\u0130 ED\u0130N\u0130N<\/a><\/div>\n<\/div><\/div><\/div><div  class =\"brainbizz_module_spacing\"><div class=\"spacing_size spacing_size-initial\" style=\"height:30px;\"><\/div><\/div>  \n<\/div><\/div><\/div><div class=\"wpb_column vc_column_container vc_col-sm-6 vc_col-lg-4 vc_col-md-6\"><div class=\"vc_column-inner\"><div class=\"wpb_wrapper\"><div class=\"brainbizz_module_services service_back_slide aleft anim_dir_to_top bg_front_frame\"><div class=\"services_wrapper\"><div class=\"services_front\" style=\"border-color:#e4e4e4;\"><div class=\"services_icon_wrapper\"><i class=\"services_icon flaticon-handshake\" style=\" color:#f0a24b;\"><\/i><\/div><h5 class=\"services_title\" style=\"color:#151515;\">Ticari Heyetler<\/h5><div class=\"services_descr\" style=\"color:#616161;\">Uluslararas\u0131 tan\u0131t\u0131m yapmak isteyen i\u015f d\u00fcnyas\u0131 y\u00f6neticilerinden ve h\u00fck\u00fcmet yetkililerinden olu\u015fan uluslararas\u0131 delegasyonlar\u0131 d\u00fczenli olarak a\u011f\u0131rl\u0131yoruz...<\/div><\/div><div class=\"services_back\" style=\"background-image: url(https:\/\/wtcankara.org.tr\/wp-content\/uploads\/2020\/04\/servv6.jpg);\"><\/div><div class=\"services_button\"><div id=\"brainbizz_button_69e73130538c5\" class=\"brainbizz_module_button wgl_button wgl_button-xl aleft\"><a href=\"https:\/\/wtcankara.org.tr\/tr\/services\/trade-missions\/\" title='Ticari Heyetler' style=\"border-width:1px; margin-bottom:0px; \" class=\"wgl_button_link\">B\u0130LG\u0130 ED\u0130N\u0130N<\/a><\/div>\n<\/div><\/div><\/div><\/div><\/div><\/div><div class=\"wpb_column vc_column_container vc_col-sm-6 vc_col-lg-4 vc_col-md-6 vc_hidden-md vc_hidden-sm vc_hidden-xs\"><div class=\"vc_column-inner\"><div class=\"wpb_wrapper\"><div class=\"brainbizz_module_services service_back_slide aleft anim_dir_to_left bg_front_frame\"><div class=\"services_wrapper\"><div class=\"services_front\" style=\"border-color:#e4e4e4;\"><div class=\"services_icon_wrapper\"><i class=\"services_icon flaticon-chart\" style=\" color:#f0a24b;\"><\/i><\/div><h5 class=\"services_title\" style=\"color:#151515;\">Ticari E\u011fitim<\/h5><div class=\"services_descr\" style=\"color:#616161;\">WTC Ankara, k\u00fcresel pazarda faaliyet g\u00f6stermek isteyen \u015firketler i\u00e7in kritik konularda d\u00fczenli seminerler ve \u00e7al\u0131\u015ftaylar d\u00fczenliyor...<\/div><\/div><div class=\"services_back\" style=\"background-image: url(https:\/\/wtcankara.org.tr\/wp-content\/uploads\/2020\/04\/serv6.jpg);\"><\/div><div class=\"services_button\"><div id=\"brainbizz_button_69e7313053d09\" class=\"brainbizz_module_button wgl_button wgl_button-xl aleft\"><a href=\"https:\/\/wtcankara.org.tr\/tr\/services\/trade-education\/\" title='Ticari E\u011fitim' style=\"border-width:1px; margin-bottom:0px; \" class=\"wgl_button_link\">B\u0130LG\u0130 ED\u0130N\u0130N<\/a><\/div>\n<\/div><\/div><\/div><\/div><\/div><\/div><\/div><div id=\"brainbizz_spacer_69e7313053d84\" class =\"brainbizz_module_spacing responsive_active\"><div class=\"spacing_size spacing_size-initial\" style=\"height:60px;\"><\/div><div class=\"spacing_size spacing_size-mobile\" style=\"height:75px;\"><\/div><\/div>  \n<\/div><\/div><\/div><\/div>","protected":false},"excerpt":{"rendered":"OUR SERVICESWhat We Offer for You There are over 330 World Trade Centers in 100 countries, and members may utilize the services and facilities of all World Trade Centers at their member rates. Such services include access to temporary office space and meeting facilities, commercial &amp; financial consultancy services, trade missions &amp; matchmaking services, discounts [...]","protected":false},"author":47,"featured_media":0,"parent":0,"menu_order":0,"comment_status":"closed","ping_status":"closed","template":"","meta":{"_themeisle_gutenberg_block_has_review":false,"footnotes":""},"class_list":["post-669","page","type-page","status-publish","hentry"],"_links":{"self":[{"href":"https:\/\/wtcankara.org.tr\/tr\/wp-json\/wp\/v2\/pages\/669","targetHints":{"allow":["GET"]}}],"collection":[{"href":"https:\/\/wtcankara.org.tr\/tr\/wp-json\/wp\/v2\/pages"}],"about":[{"href":"https:\/\/wtcankara.org.tr\/tr\/wp-json\/wp\/v2\/types\/page"}],"author":[{"embeddable":true,"href":"https:\/\/wtcankara.org.tr\/tr\/wp-json\/wp\/v2\/users\/47"}],"replies":[{"embeddable":true,"href":"https:\/\/wtcankara.org.tr\/tr\/wp-json\/wp\/v2\/comments?post=669"}],"version-history":[{"count":20,"href":"https:\/\/wtcankara.org.tr\/tr\/wp-json\/wp\/v2\/pages\/669\/revisions"}],"predecessor-version":[{"id":1710,"href":"https:\/\/wtcankara.org.tr\/tr\/wp-json\/wp\/v2\/pages\/669\/revisions\/1710"}],"wp:attachment":[{"href":"https:\/\/wtcankara.org.tr\/tr\/wp-json\/wp\/v2\/media?parent=669"}],"curies":[{"name":"wp","href":"https:\/\/api.w.org\/{rel}","templated":true}]}}