{"id":543,"date":"2018-11-05T08:57:42","date_gmt":"2018-11-05T08:57:42","guid":{"rendered":"http:\/\/brainbizz.webgeniuslab.net\/?page_id=543"},"modified":"2020-04-12T19:57:32","modified_gmt":"2020-04-12T19:57:32","slug":"wtc-ankara","status":"publish","type":"page","link":"https:\/\/wtcankara.org.tr\/tr\/wtc-ankara\/","title":{"rendered":"WTC Ankara"},"content":{"rendered":"<div data-vc-full-width=\"true\" data-vc-full-width-init=\"false\" class=\"vc_row wpb_row vc_row-fluid vc_custom_1585498024442 vc_row-has-fill vc_row-o-content-middle vc_row-flex\"><div class=\"wpb_column vc_column_container vc_col-sm-8\"><div class=\"vc_column-inner\"><div class=\"wpb_wrapper\"><div  class =\"brainbizz_module_spacing\"><div class=\"spacing_size spacing_size-initial\" style=\"height:60px;\"><\/div><\/div>  \n<div id=\"brainbizz_dbl_69f26f96c2590\" class=\"brainbizz_module_double_headings aleft\"><div class=\"heading_subtitle\" style=\"font-size:14px; line-height:12px; font-weight:600; \">Hakk\u0131nda<\/div><div class=\"heading_title\" style=\"font-size:36px; line-height:1.167; font-weight:400; \"><div class=\"heading_title_mobile\" style=\"font-size:35px; line-height: 1.167;\">World Trade Center Ankara<\/div><\/div><\/div>  \n<div  class =\"brainbizz_module_spacing\"><div class=\"spacing_size spacing_size-initial\" style=\"height:24px;\"><\/div><\/div>  \n\n\t<div class=\"wpb_text_column wpb_content_element\" >\n\t\t<div class=\"wpb_wrapper\">\n\t\t\t<p>Ankara D\u00fcnya Ticaret Merkezi \u2013 World Trade Center Ankara (WTC Ankara), New York\u2019ta yerle\u015fik kar amac\u0131 g\u00fctmeyen apolitik bir organizasyon olan D\u00fcnya Ticaret Merkezleri Birli\u011fi\u2019nin \u2013 World Trade Centers Association (WTCA) lisans sahibidir.<\/p>\n<p>WTC Ankara olarak d\u00fcnyada ve T\u00fcrkiye\u2019de uluslararas\u0131 ticareti ve k\u00fclt\u00fcrleraras\u0131 ileti\u015fimi desteklemeyi ve te\u015fvik etmeyi ama\u00e7lamaktay\u0131z.\n\nK\u00fc\u00e7\u00fck ve orta \u00f6l\u00e7ekli i\u015fletmelere (KOB\u0130) k\u00fcresel ve yerel pazarlara giri\u015flerini kolayla\u015ft\u0131rmak i\u00e7in uluslararas\u0131 standartlarda dan\u0131\u015fmanl\u0131k hizmetleri sunmaktay\u0131z. D\u00fcnya Ticaret Merkezleri Birli\u011fi (WTCA) \u00fcyesi olan WTC Ankara, \u00fcyelerine k\u00fcresel \u00f6l\u00e7ekte hizmetlere eri\u015fmelerini sa\u011flayan global bir \u00fcyelik sunmaktad\u0131r.<\/p>\n<p>WTC Ankara, WTCA\u2019n\u0131n sahip oldu\u011fu prestijli marka alt\u0131nda faaliyet g\u00f6steren 91 \u00fclkedeki 324 WTC\u2019den biridir. WTC Ankara\u2019ya \u00fcye olan firmalar, WTCA\u2019n\u0131n kar\u015f\u0131l\u0131kl\u0131l\u0131k ilkesi ile birbirine ba\u011fl\u0131 olan yakla\u015f\u0131k 1.000.000\u2019dan fazla uluslararas\u0131 i\u015fletmenin ba\u011flant\u0131lar\u0131ndan yararlanabilmektedir.<\/p>\n<p>\u00dclkemizin ba\u015fkentinde bulunan bir WTC olarak, \u00f6zel\u2013resmi kurumlarla olan ili\u015fkilerimiz vas\u0131tas\u0131yla t\u00fcm d\u00fcnyadaki WTC\u2019lere ve \u00fcyelerine Ankara\/T\u00fcrkiye ve \u00e7evresindeki b\u00f6lgede kapsaml\u0131 \u00e7\u00f6z\u00fcmler sunabilen bir ticari merkez olarak hizmet vermekteyiz.<\/p>\n\n\t\t<\/div>\n\t<\/div>\n<div  class =\"brainbizz_module_spacing\"><div class=\"spacing_size spacing_size-initial\" style=\"height:90px;\"><\/div><\/div>  \n<\/div><\/div><\/div><div class=\"wpb_column vc_column_container vc_col-sm-4\"><div class=\"vc_column-inner vc_custom_1585497927760\"><div class=\"wpb_wrapper\">\n\t<div  class=\"wpb_single_image wpb_content_element vc_align_center\">\n\t\t\n\t\t<figure class=\"wpb_wrapper vc_figure\">\n\t\t\t<div class=\"vc_single_image-wrapper   vc_box_border_grey\"><img loading=\"lazy\" decoding=\"async\" width=\"348\" height=\"348\" src=\"https:\/\/wtcankara.org.tr\/wp-content\/uploads\/2020\/03\/we-counsel-dot-circle.png\" class=\"vc_single_image-img attachment-full\" alt=\"\" srcset=\"https:\/\/wtcankara.org.tr\/wp-content\/uploads\/2020\/03\/we-counsel-dot-circle.png 348w, https:\/\/wtcankara.org.tr\/wp-content\/uploads\/2020\/03\/we-counsel-dot-circle-300x300.png 300w, https:\/\/wtcankara.org.tr\/wp-content\/uploads\/2020\/03\/we-counsel-dot-circle-150x150.png 150w, https:\/\/wtcankara.org.tr\/wp-content\/uploads\/2020\/03\/we-counsel-dot-circle-120x120.png 120w\" sizes=\"auto, (max-width: 348px) 100vw, 348px\" \/><\/div>\n\t\t<\/figure>\n\t<\/div>\n<\/div><\/div><\/div><\/div><div class=\"vc_row-full-width vc_clearfix\"><\/div>","protected":false},"excerpt":{"rendered":"ABOUT USWorld Trade Center Ankara World Trade Center (WTC) Ankara is the license holder of World Trade Centers Association (WTCA), a non-profit and non-political organization headquartered in New York. We are dedicated to promoting and supporting international commerce and intercultural communications in Turkey and throughout the world. We are providing internationally standardized consultancy services to [...]","protected":false},"author":47,"featured_media":0,"parent":0,"menu_order":0,"comment_status":"closed","ping_status":"closed","template":"","meta":{"_themeisle_gutenberg_block_has_review":false,"footnotes":""},"class_list":["post-543","page","type-page","status-publish","hentry"],"_links":{"self":[{"href":"https:\/\/wtcankara.org.tr\/tr\/wp-json\/wp\/v2\/pages\/543","targetHints":{"allow":["GET"]}}],"collection":[{"href":"https:\/\/wtcankara.org.tr\/tr\/wp-json\/wp\/v2\/pages"}],"about":[{"href":"https:\/\/wtcankara.org.tr\/tr\/wp-json\/wp\/v2\/types\/page"}],"author":[{"embeddable":true,"href":"https:\/\/wtcankara.org.tr\/tr\/wp-json\/wp\/v2\/users\/47"}],"replies":[{"embeddable":true,"href":"https:\/\/wtcankara.org.tr\/tr\/wp-json\/wp\/v2\/comments?post=543"}],"version-history":[{"count":31,"href":"https:\/\/wtcankara.org.tr\/tr\/wp-json\/wp\/v2\/pages\/543\/revisions"}],"predecessor-version":[{"id":1405,"href":"https:\/\/wtcankara.org.tr\/tr\/wp-json\/wp\/v2\/pages\/543\/revisions\/1405"}],"wp:attachment":[{"href":"https:\/\/wtcankara.org.tr\/tr\/wp-json\/wp\/v2\/media?parent=543"}],"curies":[{"name":"wp","href":"https:\/\/api.w.org\/{rel}","templated":true}]}}