{"id":1416,"date":"2020-04-12T20:22:59","date_gmt":"2020-04-12T20:22:59","guid":{"rendered":"https:\/\/wtcankara.org.tr\/?page_id=1416"},"modified":"2020-04-13T14:33:52","modified_gmt":"2020-04-13T14:33:52","slug":"term-of-use-2","status":"publish","type":"page","link":"https:\/\/wtcankara.org.tr\/tr\/term-of-use-2\/","title":{"rendered":"Kullan\u0131m \u015eartlar\u0131"},"content":{"rendered":"<div class=\"vc_row wpb_row vc_row-fluid\"><div class=\"wpb_column vc_column_container vc_col-sm-12\"><div class=\"vc_column-inner\"><div class=\"wpb_wrapper\">\n\t<div class=\"wpb_text_column wpb_content_element\" >\n\t\t<div class=\"wpb_wrapper\">\n\t\t\t<p class=\"translation-block\"><span style=\"color: #f0a24b\" class=\"dropcap\">W<\/span>eb sitemize ho\u015f geldiniz. Bu web sitesini kullanmaya devam ederseniz, a\u015fa\u011f\u0131da belirtilen \u015fartlar ve ko\u015fullara uymay\u0131 kabul etti\u011finiz anlam\u0131na gelir. Bu ko\u015fullar ve gizlilik politikas\u0131, D\u00fcnya Ticaret Merkezi Ankara\u2019n\u0131n (WTC ANKARA) bu web sitesi arac\u0131l\u0131\u011f\u0131yla sizinle kurdu\u011fu ili\u015fkiyi belirler. Bu ko\u015fullar\u0131n herhangi bir b\u00f6l\u00fcm\u00fcn\u00fc veya\nmakalesini kabul etmiyorsan\u0131z, l\u00fctfen web sitemizi kullanmay\u0131n\u0131z.<\/p>\n<p>Bu dok\u00fcmanda \u201cD\u00fcnya Ticaret Merkezi Ankara\u201d veya \u201cbiz\u201d ifadeleri Eski\u015fehir Yolu 55. km No: 24 Temelli-Sincan \/ Ankara adresinde yerle\u015fik ve bu web sitesinin sahibi olan WTC ANKARA\u2019y\u0131 ifade etmektedir.<\/p>\n<p>Bu web sitesinin kullan\u0131m\u0131 a\u015fa\u011f\u0131daki kullan\u0131m ko\u015fullar\u0131na tabidir:<\/p>\n<ul>\n<li>Bu web sitesinin sayfalar\u0131ndaki i\u00e7erik genel bilgi i\u00e7in sa\u011flanm\u0131\u015ft\u0131r ve \u00f6nceden bildirilmeksizin de\u011fi\u015ftirilebilir.<\/li>\n<li>Bu web sitesi kullan\u0131m tercihini tan\u0131mlamak i\u00e7in \u00e7erezler kullanmaktad\u0131r. Ne\nWTC ANKARA, ne de herhangi bir \u00fc\u00e7\u00fcnc\u00fc taraf veya kurum, bu web sitesinde sa\u011flanan bilgilerin do\u011frulu\u011fu, eksiksizli\u011fi, g\u00fcncelli\u011fi, uygunlu\u011fu veya performans\u0131 konusunda garanti veya g\u00fcvence veremez. Bu web sitesini kulland\u0131\u011f\u0131n\u0131zda, bu web sitesindeki herhangi bir bilgi veya belgenin yanl\u0131\u015f veya eksik olabilece\u011fini kabul edersiniz. WTC ANKARA, buradaki eksik veya yanl\u0131\u015f bilgiler nedeniyle olu\u015fabilecek hasarlardan sorumlu tutulamaz.<\/li>\n<li>Bu web sitesinde bilgi ve materyal kullanman\u0131zdan kaynaklanabilecek herhangi bir risk tamamen sizin sorumlulu\u011funuzdad\u0131r ve WTC ANKARA bu zararlardan sorumlu tutulamaz. Bu web sitesinde yer alan herhangi bir \u00fcr\u00fcn, hizmet ve bilginin ihtiya\u00e7lar\u0131n\u0131za ve gereksinimlerinize uygun olup olmad\u0131\u011f\u0131n\u0131 kontrol etmek sizin sorumlulu\u011funuzdad\u0131r.<\/li>\n<li>Bu web sitesinde yer alan i\u00e7eri\u011fin t\u00fcm haklar\u0131 WTC ANKARA\u2019ya aittir. \u00dc\u00e7\u00fcnc\u00fc \u015fah\u0131slar\u0131n tasar\u0131m, d\u00fczenleme, grafik, \u00e7izim, resim, foto\u011fraf, g\u00f6r\u00fcnt\u00fc ve resimleri dahil ancak bunlarla s\u0131n\u0131rl\u0131 olmamak kayd\u0131yla, bu belgede belirtilen telif hakk\u0131 ko\u015fullar\u0131n\u0131n izin verdi\u011fi durumlar d\u0131\u015f\u0131nda t\u00fcm g\u00f6rsel ve yaz\u0131l\u0131 materyallerin kullan\u0131lmas\u0131 kesinlikle yasakt\u0131r.<\/li>\n<li>Bu web sitesinde yer alan ve WTC ANKARA\u2019ya ait olmayan t\u00fcm ticari markalar web sitesinde belirtilmi\u015ftir.<\/li>\n<li>WTC ANKARA, 18 ya\u015f\u0131ndan k\u00fc\u00e7\u00fcklerin veya yasal temsilcilerinin izni olmadan engellilerin yapt\u0131klar\u0131 i\u015flemler nedeniyle olu\u015fabilecek zararlardan sorumlu tutulamaz.<\/li>\n<li>Bu sitenin ve i\u00e7eri\u011finin yetkisiz kullan\u0131m\u0131, zararlara ve ceza davalar\u0131na yol a\u00e7abilir.<\/li>\n<li>Bu web sitesi di\u011fer sitelere ba\u011flant\u0131lar i\u00e7erebilir. Bu ba\u011flant\u0131lar kullan\u0131m kolayl\u0131\u011f\u0131 ve bilgiye eri\u015fim i\u00e7in sa\u011flanm\u0131\u015ft\u0131r. Bu ba\u011flant\u0131lar\u0131n sa\u011flanmas\u0131, WTC ANKARA\u2019n\u0131n bu siteleri tavsiye etti\u011fi veya destekledi\u011fi anlam\u0131na gelmez. WTC ANKARA bu sitelerdeki i\u00e7erikten sorumlu de\u011fildir.<\/li>\n<li>Bu web sitesinin kullan\u0131m\u0131ndan do\u011facak uyu\u015fmazl\u0131klar\u0131n \u00e7\u00f6z\u00fcm\u00fcnde T\u00fcrk kanunlar\u0131 ve T\u00fcrk mahkemeleri yetkilidir.<\/li>\n<\/ul>\n\n\t\t<\/div>\n\t<\/div>\n<div  class =\"brainbizz_module_spacing\"><div class=\"spacing_size spacing_size-initial\" style=\"height:35px;\"><\/div><\/div>  \n<\/div><\/div><\/div><\/div>","protected":false},"excerpt":{"rendered":"Welcome to our website. If you continue to use this website, it means that you agree to abide by the terms and conditions stated below. These conditions and privacy policy determine the relationship World Trade Center Ankara (WTC ANKARA) establishes with you through this website. If you do not agree any part or article of [...]","protected":false},"author":47,"featured_media":0,"parent":0,"menu_order":0,"comment_status":"closed","ping_status":"closed","template":"","meta":{"_themeisle_gutenberg_block_has_review":false,"footnotes":""},"class_list":["post-1416","page","type-page","status-publish","hentry"],"_links":{"self":[{"href":"https:\/\/wtcankara.org.tr\/tr\/wp-json\/wp\/v2\/pages\/1416","targetHints":{"allow":["GET"]}}],"collection":[{"href":"https:\/\/wtcankara.org.tr\/tr\/wp-json\/wp\/v2\/pages"}],"about":[{"href":"https:\/\/wtcankara.org.tr\/tr\/wp-json\/wp\/v2\/types\/page"}],"author":[{"embeddable":true,"href":"https:\/\/wtcankara.org.tr\/tr\/wp-json\/wp\/v2\/users\/47"}],"replies":[{"embeddable":true,"href":"https:\/\/wtcankara.org.tr\/tr\/wp-json\/wp\/v2\/comments?post=1416"}],"version-history":[{"count":3,"href":"https:\/\/wtcankara.org.tr\/tr\/wp-json\/wp\/v2\/pages\/1416\/revisions"}],"predecessor-version":[{"id":1698,"href":"https:\/\/wtcankara.org.tr\/tr\/wp-json\/wp\/v2\/pages\/1416\/revisions\/1698"}],"wp:attachment":[{"href":"https:\/\/wtcankara.org.tr\/tr\/wp-json\/wp\/v2\/media?parent=1416"}],"curies":[{"name":"wp","href":"https:\/\/api.w.org\/{rel}","templated":true}]}}