{"id":1223,"date":"2020-04-02T19:15:25","date_gmt":"2020-04-02T19:15:25","guid":{"rendered":"https:\/\/wtcankara.org.tr\/?page_id=1223"},"modified":"2020-04-13T10:39:16","modified_gmt":"2020-04-13T10:39:16","slug":"eco-business","status":"publish","type":"page","link":"https:\/\/wtcankara.org.tr\/tr\/eco-business\/","title":{"rendered":"Ye\u015fil \u0130\u015fletme"},"content":{"rendered":"<div class=\"vc_row wpb_row vc_row-fluid vc_custom_1586774353138\"><div class=\"wpb_column vc_column_container vc_col-sm-6\"><div class=\"vc_column-inner\"><div class=\"wpb_wrapper\"><div class =\"brainbizz_module_text\" style=\"font-size:30px;line-height:42px;\">\n<h3>WTC ANKARA Ekolojik Yakla\u015f\u0131m<\/h3>\n<\/div>  \n<div  class =\"brainbizz_module_spacing\"><div class=\"spacing_size spacing_size-initial\" style=\"height:19px;\"><\/div><\/div>  \n\n\t<div class=\"wpb_text_column wpb_content_element\" >\n\t\t<div class=\"wpb_wrapper\">\n\t\t\t<p class=\"translation-block\"><span style=\"color: #f0a24b\" class=\"dropcap\">B<\/span>\u00f6lgemizde \u00e7evre dostu, temiz ve ye\u015fil i\u015f uygulamalar\u0131n\u0131n geli\u015ftirilmesinde lider olmaktan gurur duyuyoruz. Gelecek nesillere ya\u015famak ve \u00e7al\u0131\u015fmak i\u00e7in \u00e7evre dostu ve temiz bir \u00e7evre yaratmak \u00fczere ye\u015fil i\u015fletmeler ve ekolojik topluluklarla ortakl\u0131k kurarak toplumumuzun\n\u00e7evresel kalitesine katk\u0131da bulunmaya ve iyile\u015ftirmeye kararl\u0131y\u0131z.<\/p>\n<p>S\u00fcrd\u00fcr\u00fclebilir ve ekolojik bir gelecek yaratmak ve i\u015f yapt\u0131\u011f\u0131m\u0131z toplumda sosyal ve ekonomik geli\u015fmelere katk\u0131 sa\u011flamak i\u00e7in \u00e7al\u0131\u015fmalar\u0131m\u0131z\u0131 s\u00fcrd\u00fcrmekteyiz.<\/p>\n\n\t\t<\/div>\n\t<\/div>\n<div  class =\"brainbizz_module_spacing\"><div class=\"spacing_size spacing_size-initial\" style=\"height:19px;\"><\/div><\/div>  \n<\/div><\/div><\/div><div class=\"wpb_column vc_column_container vc_col-sm-6\"><div class=\"vc_column-inner\"><div class=\"wpb_wrapper\">\n\t<div class=\"wpb_text_column wpb_content_element\" >\n\t\t<div class=\"wpb_wrapper\">\n\t\t\t<p><img loading=\"lazy\" decoding=\"async\" class=\"aligncenter wp-image-1280 size-full\" src=\"https:\/\/wtcankara.org.tr\/wp-content\/uploads\/2020\/04\/wtc-ankara-green-business-e1586735989913.jpg\" alt=\"\" width=\"1200\" height=\"684\" srcset=\"https:\/\/wtcankara.org.tr\/wp-content\/uploads\/2020\/04\/wtc-ankara-green-business-e1586735989913.jpg 1200w, https:\/\/wtcankara.org.tr\/wp-content\/uploads\/2020\/04\/wtc-ankara-green-business-e1586735989913-300x171.jpg 300w, https:\/\/wtcankara.org.tr\/wp-content\/uploads\/2020\/04\/wtc-ankara-green-business-e1586735989913-1024x584.jpg 1024w, https:\/\/wtcankara.org.tr\/wp-content\/uploads\/2020\/04\/wtc-ankara-green-business-e1586735989913-768x438.jpg 768w\" sizes=\"auto, (max-width: 1200px) 100vw, 1200px\" \/><\/p>\n\n\t\t<\/div>\n\t<\/div>\n<\/div><\/div><\/div><\/div>","protected":false},"excerpt":{"rendered":"WTC ANKARA Ecological Approach We are proud to be the leader in promoting eco-friendly, clean and green businesspractices in our region. We are committed to contribute and improve the environmental quality of our societyby partnering with green businesses and ecological communities to create an eco-friendly and clean environment to live and work for future generations. [...]","protected":false},"author":47,"featured_media":0,"parent":0,"menu_order":0,"comment_status":"closed","ping_status":"closed","template":"","meta":{"_themeisle_gutenberg_block_has_review":false,"footnotes":""},"class_list":["post-1223","page","type-page","status-publish","hentry"],"_links":{"self":[{"href":"https:\/\/wtcankara.org.tr\/tr\/wp-json\/wp\/v2\/pages\/1223","targetHints":{"allow":["GET"]}}],"collection":[{"href":"https:\/\/wtcankara.org.tr\/tr\/wp-json\/wp\/v2\/pages"}],"about":[{"href":"https:\/\/wtcankara.org.tr\/tr\/wp-json\/wp\/v2\/types\/page"}],"author":[{"embeddable":true,"href":"https:\/\/wtcankara.org.tr\/tr\/wp-json\/wp\/v2\/users\/47"}],"replies":[{"embeddable":true,"href":"https:\/\/wtcankara.org.tr\/tr\/wp-json\/wp\/v2\/comments?post=1223"}],"version-history":[{"count":24,"href":"https:\/\/wtcankara.org.tr\/tr\/wp-json\/wp\/v2\/pages\/1223\/revisions"}],"predecessor-version":[{"id":1664,"href":"https:\/\/wtcankara.org.tr\/tr\/wp-json\/wp\/v2\/pages\/1223\/revisions\/1664"}],"wp:attachment":[{"href":"https:\/\/wtcankara.org.tr\/tr\/wp-json\/wp\/v2\/media?parent=1223"}],"curies":[{"name":"wp","href":"https:\/\/api.w.org\/{rel}","templated":true}]}}