{"id":1171,"date":"2020-03-29T16:15:24","date_gmt":"2020-03-29T16:15:24","guid":{"rendered":"https:\/\/wtcankara.org.tr\/?page_id=1171"},"modified":"2020-04-12T19:58:34","modified_gmt":"2020-04-12T19:58:34","slug":"wtca","status":"publish","type":"page","link":"https:\/\/wtcankara.org.tr\/tr\/wtca\/","title":{"rendered":"WTC Association"},"content":{"rendered":"<div data-vc-full-width=\"true\" data-vc-full-width-init=\"false\" class=\"vc_row wpb_row vc_row-fluid vc_custom_1586712283492 vc_row-has-fill vc_row-o-content-middle vc_row-flex\"><div class=\"wpb_column vc_column_container vc_col-sm-12\"><div class=\"vc_column-inner\"><div class=\"wpb_wrapper\"><div  class =\"brainbizz_module_spacing\"><div class=\"spacing_size spacing_size-initial\" style=\"height:24px;\"><\/div><\/div>  \n<div id=\"brainbizz_dbl_69e734c7296f3\" class=\"brainbizz_module_double_headings aleft\"><div class=\"heading_subtitle\" style=\"font-size:14px; line-height:12px; font-weight:600; \">Hakk\u0131nda<\/div><div class=\"heading_title\" style=\"font-size:36px; line-height:1.167; font-weight:400; \"><div class=\"heading_title_mobile\" style=\"font-size:35px; line-height: 1.167;\">D\u00fcnya Ticaret Merkezleri Birli\u011fi<\/div><\/div><\/div>  \n<div  class =\"brainbizz_module_spacing\"><div class=\"spacing_size spacing_size-initial\" style=\"height:24px;\"><\/div><\/div>  \n\n\t<div class=\"wpb_text_column wpb_content_element\" >\n\t\t<div class=\"wpb_wrapper\">\n\t\t\t<p class=\"translation-block\"><a href=\"https:\/\/www.wtca.org\/\" target=\"_blank\" rel=\"noopener noreferrer\">The World Trade Centers Association<\/a> (WTCA; www.wtca.org ) was created in 1970 in connection with the development of New York\u2019s Twin Towers by the Port Authority of New York and New Jersey. It was established as a not-for-profit, apolitical organization to promote the concept of World Trade Center (WTC) worldwide and to encourage reciprocal programs between all its members.<\/p>\n<p>The WTCA stimulates trade and investment opportunities for commercial property developers, economic development agencies, and international businesses looking to connect globally and prosper locally.<\/p>\n<p>WTCA, k\u00fcresel olarak ba\u011flanmaya ve yerel olarak ba\u015far\u0131ya ula\u015fmaya \u00e7al\u0131\u015fan ticari emlak komisyoncular\u0131, ekonomik kalk\u0131nma ajanslar\u0131 ve uluslararas\u0131 i\u015fletmeler i\u00e7in ticaret ve yat\u0131r\u0131m f\u0131rsatlar\u0131n\u0131 te\u015fvik etmektedir.<\/p>\n<div id=\"gtx-trans\" style=\"position: absolute; left: 272px; top: 36px;\">\n<div class=\"gtx-trans-icon\"><\/div>\n<\/div>\n\n\t\t<\/div>\n\t<\/div>\n\n\t<div class=\"wpb_text_column wpb_content_element\" >\n\t\t<div class=\"wpb_wrapper\">\n\t\t\t<p>WTCA, prestijli bir markan\u0131n \u00e7at\u0131s\u0131 alt\u0131nda k\u00fcresel ba\u011flant\u0131lar, ikonik \u00f6zellikler ve entegre ticaret hizmetlerinin \u2018uluslararas\u0131 ekosistemi\u2019 olarak hizmet vermektedir. WTCA\u2019n\u0131n d\u00fcnyadaki ekonomik geli\u015fmeye sa\u011flad\u0131\u011f\u0131 katk\u0131lar\u0131n en \u00f6nemlilerinden biri, ticaretin ve di\u011fer hizmetlerin taraflar aras\u0131nda yaratt\u0131\u011f\u0131 kar\u015f\u0131l\u0131kl\u0131 ba\u011f\u0131ml\u0131l\u0131kt\u0131r. 91 \u00fclkede birbirine ba\u011fl\u0131 324 WTC vard\u0131r. WTC\u2019ler d\u00fcnya \u00e7ap\u0131nda alt\u0131 k\u0131tada ve 73 ulus ba\u015fkentinde bulunmaktad\u0131r. \u015euanda, Birle\u015fmi\u015f Milletler\u2019deki \u00fcye \u00fclkelerin % 45\u2019inde WTC mevcuttur. T\u00fcm WTC\u2019lerde toplam 15.000\u2019den fazla tam zamanl\u0131 \u00e7al\u0131\u015fan\u0131 mevcut olup yakla\u015f\u0131k 1 milyondan fazla uluslararas\u0131 i\u015fletmeye hizmet vermektedirler.<\/p>\n<p>WTCA \u015fu anda d\u00fcnyan\u0131n en b\u00fcy\u00fck sivil toplum ticari kurulu\u015fudur.\n\nWTCA, uluslararas\u0131 ticareti geli\u015ftirerek d\u00fcnyay\u0131 bir araya getirme rol\u00fc sayesinde \u00f6nemli bir tan\u0131n\u0131rl\u0131\u011fa ula\u015fm\u0131\u015ft\u0131r.<\/p>\n<p>WTCA, insanlar\u0131 bir araya getirmedeki rol\u00fc nedeniyle 1997'den beri yedi kez Nobel Bar\u0131\u015f \u00d6d\u00fcl\u00fc'ne aday g\u00f6sterildi.<\/p>\n\n\t\t<\/div>\n\t<\/div>\n<div  class =\"brainbizz_module_spacing\"><div class=\"spacing_size spacing_size-initial\" style=\"height:24px;\"><\/div><\/div>  \n<\/div><\/div><\/div><\/div><div class=\"vc_row-full-width vc_clearfix\"><\/div><div class=\"vc_row wpb_row vc_row-fluid\"><div class=\"wpb_column vc_column_container vc_col-sm-12\"><div class=\"vc_column-inner\"><div class=\"wpb_wrapper\">\n\t<div  class=\"wpb_single_image wpb_content_element vc_align_center\">\n\t\t\n\t\t<figure class=\"wpb_wrapper vc_figure\">\n\t\t\t<a href=\"https:\/\/www.wtca.org\/\" target=\"_blank\" class=\"vc_single_image-wrapper   vc_box_border_grey\"><img loading=\"lazy\" decoding=\"async\" width=\"975\" height=\"425\" src=\"https:\/\/wtcankara.org.tr\/wp-content\/uploads\/2020\/04\/32207548_790909881106903_4043439266523512832_o.jpg\" class=\"vc_single_image-img attachment-full\" alt=\"\" srcset=\"https:\/\/wtcankara.org.tr\/wp-content\/uploads\/2020\/04\/32207548_790909881106903_4043439266523512832_o.jpg 975w, https:\/\/wtcankara.org.tr\/wp-content\/uploads\/2020\/04\/32207548_790909881106903_4043439266523512832_o-300x131.jpg 300w, https:\/\/wtcankara.org.tr\/wp-content\/uploads\/2020\/04\/32207548_790909881106903_4043439266523512832_o-768x335.jpg 768w\" sizes=\"auto, (max-width: 975px) 100vw, 975px\" \/><\/a>\n\t\t<\/figure>\n\t<\/div>\n<div  class =\"brainbizz_module_spacing\"><div class=\"spacing_size spacing_size-initial\" style=\"height:40px;\"><\/div><\/div>  \n<\/div><\/div><\/div><\/div>","protected":false},"excerpt":{"rendered":"ABOUT USThe World Trade Centers Association The World Trade Centers Association (WTCA; www.wtca.org ) was created in 1970 in connection with the development of New York\u2019s Twin Towers by the Port Authority of New York and New Jersey. It was established as a not-for-profit, apolitical organization to promote the concept of World Trade Center (WTC) [...]","protected":false},"author":47,"featured_media":0,"parent":0,"menu_order":0,"comment_status":"closed","ping_status":"closed","template":"","meta":{"_themeisle_gutenberg_block_has_review":false,"footnotes":""},"class_list":["post-1171","page","type-page","status-publish","hentry"],"_links":{"self":[{"href":"https:\/\/wtcankara.org.tr\/tr\/wp-json\/wp\/v2\/pages\/1171","targetHints":{"allow":["GET"]}}],"collection":[{"href":"https:\/\/wtcankara.org.tr\/tr\/wp-json\/wp\/v2\/pages"}],"about":[{"href":"https:\/\/wtcankara.org.tr\/tr\/wp-json\/wp\/v2\/types\/page"}],"author":[{"embeddable":true,"href":"https:\/\/wtcankara.org.tr\/tr\/wp-json\/wp\/v2\/users\/47"}],"replies":[{"embeddable":true,"href":"https:\/\/wtcankara.org.tr\/tr\/wp-json\/wp\/v2\/comments?post=1171"}],"version-history":[{"count":26,"href":"https:\/\/wtcankara.org.tr\/tr\/wp-json\/wp\/v2\/pages\/1171\/revisions"}],"predecessor-version":[{"id":1406,"href":"https:\/\/wtcankara.org.tr\/tr\/wp-json\/wp\/v2\/pages\/1171\/revisions\/1406"}],"wp:attachment":[{"href":"https:\/\/wtcankara.org.tr\/tr\/wp-json\/wp\/v2\/media?parent=1171"}],"curies":[{"name":"wp","href":"https:\/\/api.w.org\/{rel}","templated":true}]}}