{"id":325,"date":"2018-11-01T13:30:02","date_gmt":"2018-11-01T13:30:02","guid":{"rendered":"http:\/\/brainbizz.webgeniuslab.net\/?page_id=325"},"modified":"2025-04-17T10:13:03","modified_gmt":"2025-04-17T10:13:03","slug":"contacts","status":"publish","type":"page","link":"https:\/\/wtcankara.org.tr\/fr\/contacts\/","title":{"rendered":"Contact"},"content":{"rendered":"<div class=\"vc_row wpb_row vc_row-fluid vc_custom_1541081633863\"><div class=\"wpb_column vc_column_container vc_col-sm-12\"><div class=\"vc_column-inner\"><div class=\"wpb_wrapper\"><div  class =\"brainbizz_module_spacing\"><div class=\"spacing_size spacing_size-initial\" style=\"height:30px;\"><\/div><\/div>  \n<div id=\"brainbizz_dbl_69e7479f391fb\" class=\"brainbizz_module_double_headings acenter\"><div class=\"heading_subtitle\" style=\"font-size:14px; line-height:12px; font-weight:600; \">nous contacter<\/div><div class=\"heading_title\" style=\"font-size:36px; line-height:1.167; font-weight:400; \">Contactez-Nous Maintenant<\/div><\/div>  \n<div  class =\"brainbizz_module_spacing\"><div class=\"spacing_size spacing_size-initial\" style=\"height:21px;\"><\/div><\/div>  \n<div class=\"vc_row wpb_row vc_inner vc_row-fluid\"><div class=\"wpb_column vc_column_container vc_col-sm-12 vc_col-lg-offset-2 vc_col-lg-8\"><div class=\"vc_column-inner\"><div class=\"wpb_wrapper\">\n\t<div class=\"wpb_text_column wpb_content_element\" >\n\t\t<div class=\"wpb_wrapper\">\n\t\t\t<p style=\"text-align: center;\">Contactez-nous d\u00e8s aujourd'hui pour adh\u00e9rer \u00e0 notre association, b\u00e9n\u00e9ficier de services personnalis\u00e9s, participer \u00e0 nos \u00e9v\u00e9nements de r\u00e9seautage et profiter de nos opportunit\u00e9s \u00e9ducatives.<\/p>\n\n\t\t<\/div>\n\t<\/div>\n<\/div><\/div><\/div><\/div><div  class =\"brainbizz_module_spacing\"><div class=\"spacing_size spacing_size-initial\" style=\"height:40px;\"><\/div><\/div>  \n<\/div><\/div><\/div><\/div><div class=\"vc_row wpb_row vc_row-fluid vc_custom_1586719937572\"><div class=\"wpb_column vc_column_container vc_col-sm-6 vc_col-md-4\"><div class=\"vc_column-inner\"><div class=\"wpb_wrapper\"><div id=\"brainbizz_infobox_69e7479f3a09c\" class=\"brainbizz_module_infobox type_tile layout_top infobox_alignment_center\"><div class=\"infobox_wrapper\"><div class=\"infobox_icon_wrapper\" ><div class=\"infobox_icon_container\"><i class=\"infobox_icon flaticon-smartphone\"  style=\"font-size:50px;\"><\/i><\/div><\/div><h3 class=\"infobox_title\"  style=\"margin-bottom:2px; \">+90-312-468-8750<\/h3><a class=\"infobox_button button-read-more\" href=\"tel:+903124688750\" style=\"margin-top:10px; \">Appelez-Nous Maintenant<\/a><\/div><\/div>  \n<div  class =\"brainbizz_module_spacing\"><div class=\"spacing_size spacing_size-initial\" style=\"height:30px;\"><\/div><\/div>  \n<\/div><\/div><\/div><div class=\"wpb_column vc_column_container vc_col-sm-6 vc_col-md-4\"><div class=\"vc_column-inner\"><div class=\"wpb_wrapper\"><div id=\"brainbizz_infobox_69e7479f3a340\" class=\"brainbizz_module_infobox type_tile layout_top infobox_alignment_center\"><div class=\"infobox_wrapper\"><div class=\"infobox_icon_wrapper\" ><div class=\"infobox_icon_container\"><i class=\"infobox_icon flaticon-world-1\"  style=\"font-size:50px;\"><\/i><\/div><\/div><h3 class=\"infobox_title\"  style=\"margin-bottom:2px; \">Eskisehir Yolu 55. km No:24, 06909 Temelli-Ankara \/ TURKEY<\/h3><a class=\"infobox_button button-read-more\" href=\"https:\/\/maps.app.goo.gl\/XBk8pXy7Sf4k8v2j7\" target=\" _blank\" style=\"margin-top:10px; \">nous contacter<\/a><\/div><\/div>  \n<div  class =\"brainbizz_module_spacing\"><div class=\"spacing_size spacing_size-initial\" style=\"height:30px;\"><\/div><\/div>  \n<\/div><\/div><\/div><div class=\"wpb_column vc_column_container vc_col-sm-6 vc_col-md-offset-0 vc_col-md-4 vc_col-sm-offset-3\"><div class=\"vc_column-inner\"><div class=\"wpb_wrapper\"><div id=\"brainbizz_infobox_69e7479f3a5a5\" class=\"brainbizz_module_infobox type_tile layout_top infobox_alignment_center\"><div class=\"infobox_wrapper\"><div class=\"infobox_icon_wrapper\" ><div class=\"infobox_icon_container\"><i class=\"infobox_icon flaticon-plane\"  style=\"font-size:50px;\"><\/i><\/div><\/div><h3 class=\"infobox_title\"  style=\"margin-bottom:2px; \">info@wtcankara.org.tr<\/h3><a class=\"infobox_button button-read-more\" href=\"mailto:info@wtcankara.org.tr\" style=\"margin-top:10px; \">ENVOYEZ-NOUS UN MESSAGE<\/a><\/div><\/div>  \n<div  class =\"brainbizz_module_spacing\"><div class=\"spacing_size spacing_size-initial\" style=\"height:30px;\"><\/div><\/div>  \n<\/div><\/div><\/div><\/div><div class=\"vc_row wpb_row vc_row-fluid box-shadow z-index-1 ohidden acenter vc_custom_1585829734389 vc_row-has-fill\"><div class=\"wpb_column vc_column_container vc_col-sm-12\"><div class=\"vc_column-inner\"><div class=\"wpb_wrapper\"><div  class =\"brainbizz_module_spacing\"><div class=\"spacing_size spacing_size-initial\" style=\"height:30px;\"><\/div><\/div>  \n<div id=\"brainbizz_dbl_69e7479f3a930\" class=\"brainbizz_module_double_headings acenter\"><div class=\"heading_subtitle\" style=\"font-size:14px; line-height:12px; font-weight:600; \">Contactez-Nous<\/div><div class=\"heading_title\" style=\"font-size:36px; line-height:1.167; font-weight:400; \"><div class=\"heading_title_mobile\" style=\"font-size:26px; line-height: 1.167;\">FORMULAIRE DE CONTACT<\/div><\/div><\/div>  \n<div  class =\"brainbizz_module_spacing\"><div class=\"spacing_size spacing_size-initial\" style=\"height:30px;\"><\/div><\/div>  \n\n<div class=\"wpcf7 no-js\" id=\"wpcf7-f335-o1\" lang=\"en-US\" dir=\"ltr\" data-wpcf7-id=\"335\">\n<div class=\"screen-reader-response\"><p role=\"status\" aria-live=\"polite\" aria-atomic=\"true\"><\/p> <ul><\/ul><\/div>\n<form action=\"\/fr\/wp-json\/wp\/v2\/pages\/325#wpcf7-f335-o1\" method=\"post\" class=\"wpcf7-form init\" aria-label=\"Contact form\" novalidate=\"novalidate\" data-status=\"init\" data-trp-original-action=\"\/fr\/wp-json\/wp\/v2\/pages\/325#wpcf7-f335-o1\">\n<fieldset class=\"hidden-fields-container\"><input type=\"hidden\" name=\"_wpcf7\" value=\"335\" \/><input type=\"hidden\" name=\"_wpcf7_version\" value=\"6.1.5\" \/><input type=\"hidden\" name=\"_wpcf7_locale\" value=\"en_US\" \/><input type=\"hidden\" name=\"_wpcf7_unit_tag\" value=\"wpcf7-f335-o1\" \/><input type=\"hidden\" name=\"_wpcf7_container_post\" value=\"0\" \/><input type=\"hidden\" name=\"_wpcf7_posted_data_hash\" value=\"\" \/><input type=\"hidden\" name=\"_wpcf7cf_hidden_group_fields\" value=\"[]\" \/><input type=\"hidden\" name=\"_wpcf7cf_hidden_groups\" value=\"[]\" \/><input type=\"hidden\" name=\"_wpcf7cf_visible_groups\" value=\"[]\" \/><input type=\"hidden\" name=\"_wpcf7cf_repeaters\" value=\"[]\" \/><input type=\"hidden\" name=\"_wpcf7cf_steps\" value=\"{}\" \/><input type=\"hidden\" name=\"_wpcf7cf_options\" value=\"{&quot;form_id&quot;:335,&quot;conditions&quot;:[],&quot;settings&quot;:{&quot;animation&quot;:&quot;yes&quot;,&quot;animation_intime&quot;:200,&quot;animation_outtime&quot;:200,&quot;conditions_ui&quot;:&quot;normal&quot;,&quot;notice_dismissed&quot;:false,&quot;notice_dismissed_update-cf7-6.1.4&quot;:true}}\" \/>\n<\/fieldset>\n<div class='row'>\n\t<div class='wgl_col-6'>\n\t\t<p><span class=\"wpcf7-form-control-wrap\" data-name=\"user_name\"><input size=\"40\" maxlength=\"400\" class=\"wpcf7-form-control wpcf7-text\" aria-invalid=\"false\" placeholder=\"Votre Nom*\" value=\"\" type=\"text\" name=\"user_name\" \/><\/span>\n\t\t<\/p>\n\t<\/div>\n\t<div class='wgl_col-6'>\n\t\t<p><span class=\"wpcf7-form-control-wrap\" data-name=\"company\"><input size=\"40\" maxlength=\"400\" class=\"wpcf7-form-control wpcf7-text\" aria-invalid=\"false\" placeholder=\"Entreprise*\" value=\"\" type=\"text\" name=\"company\" \/><\/span>\n\t\t<\/p>\n\t<\/div>\n\t<div class='wgl_col-6'>\n\t\t<p><span class=\"wpcf7-form-control-wrap\" data-name=\"phone\"><input size=\"40\" maxlength=\"400\" class=\"wpcf7-form-control wpcf7-text\" aria-invalid=\"false\" placeholder=\"Ton T\u00e9l\u00e9phone*\" value=\"\" type=\"text\" name=\"phone\" \/><\/span>\n\t\t<\/p>\n\t<\/div>\n\t<div class='wgl_col-6'>\n\t\t<p><span class=\"wpcf7-form-control-wrap\" data-name=\"email-613\"><input size=\"40\" maxlength=\"400\" class=\"wpcf7-form-control wpcf7-email wpcf7-text wpcf7-validates-as-email\" aria-invalid=\"false\" placeholder=\"Votre E-mail\" value=\"\" type=\"email\" name=\"email-613\" \/><\/span>\n\t\t<\/p>\n\t<\/div>\n\t<div class='wgl_col-12'>\n\t\t<p><span class=\"wpcf7-form-control-wrap\" data-name=\"textarea-789\"><textarea cols=\"40\" rows=\"5\" maxlength=\"2000\" class=\"wpcf7-form-control wpcf7-textarea\" aria-invalid=\"false\" placeholder=\"Message\" name=\"textarea-789\"><\/textarea><\/span>\n\t\t<\/p>\n\t<\/div>\n<\/div>\n<p><input class=\"wpcf7-form-control wpcf7-submit has-spinner\" type=\"submit\" value=\"ENVOYER LE MESSAGE\" \/>\n<\/p><p style=\"display: none !important;\" class=\"akismet-fields-container\" data-prefix=\"_wpcf7_ak_\"><label>&#916;<textarea name=\"_wpcf7_ak_hp_textarea\" cols=\"45\" rows=\"8\" maxlength=\"100\"><\/textarea><\/label><input type=\"hidden\" id=\"ak_js_1\" name=\"_wpcf7_ak_js\" value=\"207\"\/><script>document.getElementById( \"ak_js_1\" ).setAttribute( \"value\", ( new Date() ).getTime() );<\/script><\/p><div class=\"wpcf7-response-output\" aria-hidden=\"true\"><\/div>\n<input type=\"hidden\" name=\"trp-form-language\" value=\"fr\"\/><\/form>\n<\/div>\n<div  class =\"brainbizz_module_spacing\"><div class=\"spacing_size spacing_size-initial\" style=\"height:30px;\"><\/div><\/div>  \n<\/div><\/div><\/div><\/div>","protected":false},"excerpt":{"rendered":"get in touchContact Us Now Contact us today for membership, customized service, networking events and educational opportunities. +90-312-468-8750Call Us Now Eskisehir Yolu 55. km No:24, 06909 Temelli-Ankara \/ TURKEYget in touch info@wtcankara.org.tremail us now Reach UsCONTACT FORM &#916;","protected":false},"author":47,"featured_media":0,"parent":0,"menu_order":0,"comment_status":"closed","ping_status":"closed","template":"","meta":{"_themeisle_gutenberg_block_has_review":false,"footnotes":""},"class_list":["post-325","page","type-page","status-publish","hentry"],"_links":{"self":[{"href":"https:\/\/wtcankara.org.tr\/fr\/wp-json\/wp\/v2\/pages\/325","targetHints":{"allow":["GET"]}}],"collection":[{"href":"https:\/\/wtcankara.org.tr\/fr\/wp-json\/wp\/v2\/pages"}],"about":[{"href":"https:\/\/wtcankara.org.tr\/fr\/wp-json\/wp\/v2\/types\/page"}],"author":[{"embeddable":true,"href":"https:\/\/wtcankara.org.tr\/fr\/wp-json\/wp\/v2\/users\/47"}],"replies":[{"embeddable":true,"href":"https:\/\/wtcankara.org.tr\/fr\/wp-json\/wp\/v2\/comments?post=325"}],"version-history":[{"count":11,"href":"https:\/\/wtcankara.org.tr\/fr\/wp-json\/wp\/v2\/pages\/325\/revisions"}],"predecessor-version":[{"id":1870,"href":"https:\/\/wtcankara.org.tr\/fr\/wp-json\/wp\/v2\/pages\/325\/revisions\/1870"}],"wp:attachment":[{"href":"https:\/\/wtcankara.org.tr\/fr\/wp-json\/wp\/v2\/media?parent=325"}],"curies":[{"name":"wp","href":"https:\/\/api.w.org\/{rel}","templated":true}]}}