{"id":1489,"date":"2020-04-12T23:07:26","date_gmt":"2020-04-12T23:07:26","guid":{"rendered":"https:\/\/wtcankara.org.tr\/?page_id=1489"},"modified":"2020-04-13T01:13:33","modified_gmt":"2020-04-13T01:13:33","slug":"trade-education","status":"publish","type":"page","link":"https:\/\/wtcankara.org.tr\/fr\/services\/trade-education\/","title":{"rendered":"Formation Commerciale"},"content":{"rendered":"<div class=\"vc_row wpb_row vc_row-fluid\"><div class=\"wpb_column vc_column_container vc_col-sm-12\"><div class=\"vc_column-inner\"><div class=\"wpb_wrapper\"><div  class =\"brainbizz_module_spacing\"><div class=\"spacing_size spacing_size-initial\" style=\"height:19px;\"><\/div><\/div>  \n\n\t<div class=\"wpb_text_column wpb_content_element\" >\n\t\t<div class=\"wpb_wrapper\">\n\t\t\t<p class=\"p1\"><span class=\"s1\">WTC Ankara organise r\u00e9guli\u00e8rement des s\u00e9minaires et des ateliers sur des questions critiques pour les entreprises qui souhaitent op\u00e9rer sur les march\u00e9s mondiaux.<\/span><\/p>\n<p class=\"p1\"><span class=\"s1\">WTC Ankara met \u00e0 disposition ses propres ressources \u00e9ducatives et collabore avec d'autres organisations pour garantir \u00e0 ses membres l'am\u00e9lioration de leurs comp\u00e9tences en mati\u00e8re de commerce ext\u00e9rieur et de leurs connaissances afin de d\u00e9velopper leurs entreprises \u00e0 l'\u00e9chelle mondiale. Des programmes de certification, des s\u00e9minaires et des webinaires (s\u00e9minaires en ligne) sont propos\u00e9s, allant de la formation \u00e0 l'import-export aux cours de financement de projets.<\/span><\/p>\n<p class=\"p1\"><span class=\"s2\">Des discussions interactives, des ateliers et des programmes de conf\u00e9renciers sur des sujets d'actualit\u00e9 li\u00e9s au commerce mondial sont \u00e9galement propos\u00e9s dans le cadre des services \u00e9ducatifs de WTC Ankara.\u00a0<\/span><\/p>\n\n\t\t<\/div>\n\t<\/div>\n<\/div><\/div><\/div><\/div>","protected":false},"excerpt":{"rendered":"WTC Ankara organizes regular seminars and workshops on critical issues for companies that want to operate in global markets. WTC Ankara provides both its own educational resources and cooperates with other organizations to ensure its members improve their foreign trade skills and knowledge that help grow their businesses globally. Certificate programs, seminars and webinars (on-line [...]","protected":false},"author":47,"featured_media":0,"parent":669,"menu_order":0,"comment_status":"closed","ping_status":"closed","template":"","meta":{"_themeisle_gutenberg_block_has_review":false,"footnotes":""},"class_list":["post-1489","page","type-page","status-publish","hentry"],"_links":{"self":[{"href":"https:\/\/wtcankara.org.tr\/fr\/wp-json\/wp\/v2\/pages\/1489","targetHints":{"allow":["GET"]}}],"collection":[{"href":"https:\/\/wtcankara.org.tr\/fr\/wp-json\/wp\/v2\/pages"}],"about":[{"href":"https:\/\/wtcankara.org.tr\/fr\/wp-json\/wp\/v2\/types\/page"}],"author":[{"embeddable":true,"href":"https:\/\/wtcankara.org.tr\/fr\/wp-json\/wp\/v2\/users\/47"}],"replies":[{"embeddable":true,"href":"https:\/\/wtcankara.org.tr\/fr\/wp-json\/wp\/v2\/comments?post=1489"}],"version-history":[{"count":2,"href":"https:\/\/wtcankara.org.tr\/fr\/wp-json\/wp\/v2\/pages\/1489\/revisions"}],"predecessor-version":[{"id":1491,"href":"https:\/\/wtcankara.org.tr\/fr\/wp-json\/wp\/v2\/pages\/1489\/revisions\/1491"}],"up":[{"embeddable":true,"href":"https:\/\/wtcankara.org.tr\/fr\/wp-json\/wp\/v2\/pages\/669"}],"wp:attachment":[{"href":"https:\/\/wtcankara.org.tr\/fr\/wp-json\/wp\/v2\/media?parent=1489"}],"curies":[{"name":"wp","href":"https:\/\/api.w.org\/{rel}","templated":true}]}}