{"id":135,"date":"2018-10-31T15:09:17","date_gmt":"2018-10-31T15:09:17","guid":{"rendered":"http:\/\/brainbizz.webgeniuslab.net\/?page_id=135"},"modified":"2018-10-31T15:09:17","modified_gmt":"2018-10-31T15:09:17","slug":"blog-list","status":"publish","type":"page","link":"https:\/\/wtcankara.org.tr\/fr\/blog-list\/","title":{"rendered":"Blog List"},"content":{"rendered":"<div class=\"vc_row wpb_row vc_row-fluid\"><div class=\"wpb_column vc_column_container vc_col-sm-12\"><div class=\"vc_column-inner\"><div class=\"wpb_wrapper\">    <section class=\"wgl_cpt_section\">\n        <div  class=\"blog-posts\">\n            <div class=\"container-grid row  blog_columns-1 grid blog-style-standard\"><div class=\"wgl_col-12 item\">\n    <div class=\"blog-post  format-standard-image\">\n        <div class=\"blog-post_wrapper\">\n\n            <div class=\"blog-post_meta-date\">\t    \t\n\t    \t<div class=\"post_date\">\n\t\t\t\t<span class=\"date_post\">\n\t\t\t\t\t<span>14<\/span> avril\t\t\t\t<\/span>\n\t\t\t<\/div>\n\t\t\t<\/div><div class=\"blog-post_media\"><div class=\"blog-post_media_part\"><a href=\"https:\/\/wtcankara.org.tr\/fr\/wtc-ankara-polatli-chamber-visit\/\" class=\"blog-post_feature-link\"><img src='https:\/\/wtcankara.org.tr\/wp-content\/uploads\/2026\/04\/wtc-ankara-meeting-with-polatli-chamber-of-commerce-title-1170x725.webp' alt='' \/><\/a><\/div><\/div>            <div class=\"blog-post_content\">\n            <div class=\"blog-post_meta-categories\">\t\t\t<div class=\"current-menu-item\"><\/div><span><a href=\"https:\/\/wtcankara.org.tr\/fr\/cat%c3%a9gorie\/business\/\">Business<\/a><\/span><span><a href=\"https:\/\/wtcankara.org.tr\/fr\/cat%c3%a9gorie\/nouvelles\/\">Actualit\u00e9s<\/a><\/span><\/div><h3 class=\"blog-post_title\" style=\"margin-bottom: 2px\"><a href=\"https:\/\/wtcankara.org.tr\/fr\/wtc-ankara-polatli-chamber-visit\/\">Visite de WTC Ankara \u00e0 la Chambre de Commerce de Polatl\u0131<\/a><\/h3><div class=\"blog-post_text\"><p>\nWTC Ankara Visits Polatl\u0131 Chamber of Commerce to Strengthen Business Dialogue\n\n\n\n\nOur General Manager, Dr. Ali \u00c7olak, visited the Polatl\u0131 Chamber of Commerce and shared information about the services offered by WTC Ankara, its contributions to international business networks, and the...<\/p><\/div>   \n                <div class=\"clear\"><\/div> \n                <div class='blog-post_meta-desc'>       \n                                    <div class='blog-post_meta-read_more'>     \n                    <a href=\"https:\/\/wtcankara.org.tr\/fr\/wtc-ankara-polatli-chamber-visit\/\" class=\"button-read-more\">En Savoir Plus<\/a>\n                    <\/div>     \n                               <\/div>\n            <\/div>\n        <\/div>\n    <\/div>\n    <\/div><div class=\"wgl_col-12 item\">\n    <div class=\"blog-post  format-standard-image\">\n        <div class=\"blog-post_wrapper\">\n\n            <div class=\"blog-post_meta-date\">\t    \t\n\t    \t<div class=\"post_date\">\n\t\t\t\t<span class=\"date_post\">\n\t\t\t\t\t<span>14<\/span> avril\t\t\t\t<\/span>\n\t\t\t<\/div>\n\t\t\t<\/div><div class=\"blog-post_media\"><div class=\"blog-post_media_part\"><a href=\"https:\/\/wtcankara.org.tr\/fr\/wtc-ankara-business-meetings-in-paris\/\" class=\"blog-post_feature-link\"><img src='https:\/\/wtcankara.org.tr\/wp-content\/uploads\/2026\/04\/wtc-paris-ile-de-france-cci-paris-building-1170x725.webp' alt='' \/><\/a><\/div><\/div>            <div class=\"blog-post_content\">\n            <div class=\"blog-post_meta-categories\">\t\t\t<div class=\"current-menu-item\"><\/div><span><a href=\"https:\/\/wtcankara.org.tr\/fr\/cat%c3%a9gorie\/business\/\">Business<\/a><\/span><span><a href=\"https:\/\/wtcankara.org.tr\/fr\/cat%c3%a9gorie\/nouvelles\/\">Actualit\u00e9s<\/a><\/span><\/div><h3 class=\"blog-post_title\" style=\"margin-bottom: 2px\"><a href=\"https:\/\/wtcankara.org.tr\/fr\/wtc-ankara-business-meetings-in-paris\/\">R\u00e9unions d\u2019affaires de WTC Ankara \u00e0 Paris<\/a><\/h3><div class=\"blog-post_text\"><p>\n\nWTC Ankara Holds Strategic Business Meetings in Paris\n\n\n\nAs part of our visit to France, our General Manager, Ali \u00c7olak, met in Paris with Agnes Gomes, Head of Events, Networks and Country Partnerships at World Trade Center Paris \u00cele-de-France, and Pierre Mongru\u00e9, Deputy Managing...<\/p><\/div>   \n                <div class=\"clear\"><\/div> \n                <div class='blog-post_meta-desc'>       \n                                    <div class='blog-post_meta-read_more'>     \n                    <a href=\"https:\/\/wtcankara.org.tr\/fr\/wtc-ankara-business-meetings-in-paris\/\" class=\"button-read-more\">En Savoir Plus<\/a>\n                    <\/div>     \n                               <\/div>\n            <\/div>\n        <\/div>\n    <\/div>\n    <\/div><div class=\"wgl_col-12 item\">\n    <div class=\"blog-post  format-standard-image\">\n        <div class=\"blog-post_wrapper\">\n\n            <div class=\"blog-post_meta-date\">\t    \t\n\t    \t<div class=\"post_date\">\n\t\t\t\t<span class=\"date_post\">\n\t\t\t\t\t<span>27<\/span> juin\t\t\t\t<\/span>\n\t\t\t<\/div>\n\t\t\t<\/div><div class=\"blog-post_media\"><div class=\"blog-post_media_part\"><a href=\"https:\/\/wtcankara.org.tr\/fr\/248-usa-independence-day-celebration-2\/\" class=\"blog-post_feature-link\"><img src='https:\/\/wtcankara.org.tr\/wp-content\/uploads\/2024\/06\/post_ankara-01-1170x725.png' alt='' \/><\/a><\/div><\/div>            <div class=\"blog-post_content\">\n            <div class=\"blog-post_meta-categories\">\t\t\t<div class=\"current-menu-item\"><\/div><span><a href=\"https:\/\/wtcankara.org.tr\/fr\/cat%c3%a9gorie\/evenements\/\">\u00c9v\u00e9nements<\/a><\/span><span><a href=\"https:\/\/wtcankara.org.tr\/fr\/cat%c3%a9gorie\/nouvelles\/\">Actualit\u00e9s<\/a><\/span><\/div><h3 class=\"blog-post_title\" style=\"margin-bottom: 2px\"><a href=\"https:\/\/wtcankara.org.tr\/fr\/248-usa-independence-day-celebration-2\/\">Celebrating the 248th U.S. Independence Day in Ankara<\/a><\/h3><div class=\"blog-post_text\"><p>\nCelebrating the 248th U.S. Independence Day in Ankara\n\n\n\nWe are delighted to have been a proud sponsor of the U.S. Independence Day Reception held at the U.S. Ambassador&#8217;s Residence in Ankara, T\u00fcrkiye. As in previous years, it was an honor to sponsor this wonderful event and...<\/p><\/div>   \n                <div class=\"clear\"><\/div> \n                <div class='blog-post_meta-desc'>       \n                                    <div class='blog-post_meta-read_more'>     \n                    <a href=\"https:\/\/wtcankara.org.tr\/fr\/248-usa-independence-day-celebration-2\/\" class=\"button-read-more\">En Savoir Plus<\/a>\n                    <\/div>     \n                               <\/div>\n            <\/div>\n        <\/div>\n    <\/div>\n    <\/div><div class=\"wgl_col-12 item\">\n    <div class=\"blog-post  format-standard-image\">\n        <div class=\"blog-post_wrapper\">\n\n            <div class=\"blog-post_meta-date\">\t    \t\n\t    \t<div class=\"post_date\">\n\t\t\t\t<span class=\"date_post\">\n\t\t\t\t\t<span>13<\/span> juin\t\t\t\t<\/span>\n\t\t\t<\/div>\n\t\t\t<\/div><div class=\"blog-post_media\"><div class=\"blog-post_media_part\"><a href=\"https:\/\/wtcankara.org.tr\/fr\/248-usa-independence-day-celebration\/\" class=\"blog-post_feature-link\"><img src='https:\/\/wtcankara.org.tr\/wp-content\/uploads\/2024\/06\/World-Trade-Center-Ankara-1170x725.png' alt='' \/><\/a><\/div><\/div>            <div class=\"blog-post_content\">\n            <div class=\"blog-post_meta-categories\">\t\t\t<div class=\"current-menu-item\"><\/div><span><a href=\"https:\/\/wtcankara.org.tr\/fr\/cat%c3%a9gorie\/evenements\/\">\u00c9v\u00e9nements<\/a><\/span><span><a href=\"https:\/\/wtcankara.org.tr\/fr\/cat%c3%a9gorie\/nouvelles\/\">Actualit\u00e9s<\/a><\/span><\/div><h3 class=\"blog-post_title\" style=\"margin-bottom: 2px\"><a href=\"https:\/\/wtcankara.org.tr\/fr\/248-usa-independence-day-celebration\/\">248th U.S. Independence Day Celebrations in Istanbul&#038;Izmir<\/a><\/h3><div class=\"blog-post_text\"><p>\n248. USA Independence Day Celebration\n\n\n\nWe were one of the sponsors of the U.S. Independence Day Reception, which took place at the U.S.A Consulate General in \u0130stanbul and U.S.A Consulate in \u0130zmir, T\u00fcrkiye. Just like in previous years, we are proud to be among the sponsors of this...<\/p><\/div>   \n                <div class=\"clear\"><\/div> \n                <div class='blog-post_meta-desc'>       \n                                    <div class='blog-post_meta-read_more'>     \n                    <a href=\"https:\/\/wtcankara.org.tr\/fr\/248-usa-independence-day-celebration\/\" class=\"button-read-more\">En Savoir Plus<\/a>\n                    <\/div>     \n                               <\/div>\n            <\/div>\n        <\/div>\n    <\/div>\n    <\/div><div class=\"wgl_col-12 item\">\n    <div class=\"blog-post  format-standard-image\">\n        <div class=\"blog-post_wrapper\">\n\n            <div class=\"blog-post_meta-date\">\t    \t\n\t    \t<div class=\"post_date\">\n\t\t\t\t<span class=\"date_post\">\n\t\t\t\t\t<span>22<\/span> juin\t\t\t\t<\/span>\n\t\t\t<\/div>\n\t\t\t<\/div><div class=\"blog-post_media\"><div class=\"blog-post_media_part\"><a href=\"https:\/\/wtcankara.org.tr\/fr\/usa-independence-day-247\/\" class=\"blog-post_feature-link\"><img src='https:\/\/wtcankara.org.tr\/wp-content\/uploads\/2023\/06\/OneCikan-1170x725.png' alt='' \/><\/a><\/div><\/div>            <div class=\"blog-post_content\">\n            <div class=\"blog-post_meta-categories\">\t\t\t<div class=\"current-menu-item\"><\/div><span><a href=\"https:\/\/wtcankara.org.tr\/fr\/cat%c3%a9gorie\/evenements\/\">\u00c9v\u00e9nements<\/a><\/span><span><a href=\"https:\/\/wtcankara.org.tr\/fr\/cat%c3%a9gorie\/nouvelles\/\">Actualit\u00e9s<\/a><\/span><\/div><h3 class=\"blog-post_title\" style=\"margin-bottom: 2px\"><a href=\"https:\/\/wtcankara.org.tr\/fr\/usa-independence-day-247\/\">247. U.S. Independence Day Reception Held in Ankara<\/a><\/h3><div class=\"blog-post_text\"><p>\r\n247. USA Independence Day Celebration\r\n\r\n\r\n\r\nWe were one of the sponsors of the U.S. Independence Day Reception, which took place at the U.S. Ambassador&#8217;s Residence in Ankara, Turkey. Just like in previous years, we are proud to be among the sponsors of this wonderful event and...<\/p><\/div>   \n                <div class=\"clear\"><\/div> \n                <div class='blog-post_meta-desc'>       \n                                    <div class='blog-post_meta-read_more'>     \n                    <a href=\"https:\/\/wtcankara.org.tr\/fr\/usa-independence-day-247\/\" class=\"button-read-more\">En Savoir Plus<\/a>\n                    <\/div>     \n                               <\/div>\n            <\/div>\n        <\/div>\n    <\/div>\n    <\/div><div class=\"wgl_col-12 item\">\n    <div class=\"blog-post  format-standard-image\">\n        <div class=\"blog-post_wrapper\">\n\n            <div class=\"blog-post_meta-date\">\t    \t\n\t    \t<div class=\"post_date\">\n\t\t\t\t<span class=\"date_post\">\n\t\t\t\t\t<span>12<\/span> avril\t\t\t\t<\/span>\n\t\t\t<\/div>\n\t\t\t<\/div><div class=\"blog-post_media\"><div class=\"blog-post_media_part\"><a href=\"https:\/\/wtcankara.org.tr\/fr\/covid-19-resources-and-updates\/\" class=\"blog-post_feature-link\"><img src='https:\/\/wtcankara.org.tr\/wp-content\/uploads\/2020\/04\/coronavirus-cdc-1585869759-1170x725.jpg' alt='' \/><\/a><\/div><\/div>            <div class=\"blog-post_content\">\n            <div class=\"blog-post_meta-categories\">\t\t\t<div class=\"current-menu-item\"><\/div><span><a href=\"https:\/\/wtcankara.org.tr\/fr\/cat%c3%a9gorie\/nouvelles\/\">Actualit\u00e9s<\/a><\/span><\/div><h3 class=\"blog-post_title\" style=\"margin-bottom: 2px\"><a href=\"https:\/\/wtcankara.org.tr\/fr\/covid-19-resources-and-updates\/\">Ressources et Mises \u00e0 Jour Sur Le Covid-19<\/a><\/h3><div class=\"blog-post_text\"><p>Les entreprises leaders ajoutent de nouveaux talents pour soutenir un mod\u00e8le d'exploitation num\u00e9rique. Afin de d\u00e9velopper des id\u00e9es pr\u00e9cises \u00e0 l'aide d'outils num\u00e9riques, les \u00e9quipes d'approvisionnement auront besoin de comp\u00e9tences en sciences des donn\u00e9es et en analytique. \n<\/p><\/div>   \n                <div class=\"clear\"><\/div> \n                <div class='blog-post_meta-desc'>       \n                                    <div class='blog-post_meta-read_more'>     \n                    <a href=\"https:\/\/wtcankara.org.tr\/fr\/covid-19-resources-and-updates\/\" class=\"button-read-more\">En Savoir Plus<\/a>\n                    <\/div>     \n                               <\/div>\n            <\/div>\n        <\/div>\n    <\/div>\n    <\/div><div class=\"wgl_col-12 item\">\n    <div class=\"blog-post  format-standard-image\">\n        <div class=\"blog-post_wrapper\">\n\n            <div class=\"blog-post_meta-date\">\t    \t\n\t    \t<div class=\"post_date\">\n\t\t\t\t<span class=\"date_post\">\n\t\t\t\t\t<span>10<\/span> avril\t\t\t\t<\/span>\n\t\t\t<\/div>\n\t\t\t<\/div><div class=\"blog-post_media\"><div class=\"blog-post_media_part\"><a href=\"https:\/\/wtcankara.org.tr\/fr\/the-wtca-celebrates-its-50th-anniversary\/\" class=\"blog-post_feature-link\"><img src='https:\/\/wtcankara.org.tr\/wp-content\/uploads\/2018\/10\/WTCA_50th-1170x725.jpg' alt='' \/><\/a><\/div><\/div>            <div class=\"blog-post_content\">\n            <div class=\"blog-post_meta-categories\">\t\t\t<div class=\"current-menu-item\"><\/div><span><a href=\"https:\/\/wtcankara.org.tr\/fr\/cat%c3%a9gorie\/evenements\/\">\u00c9v\u00e9nements<\/a><\/span><\/div><h3 class=\"blog-post_title\" style=\"margin-bottom: 2px\"><a href=\"https:\/\/wtcankara.org.tr\/fr\/the-wtca-celebrates-its-50th-anniversary\/\">Le WTCA f\u00eate ses 50 ans!<\/a><\/h3><div class=\"blog-post_text\"><p>Les entreprises leaders ajoutent de nouveaux talents pour soutenir un mod\u00e8le d'exploitation num\u00e9rique. Afin de d\u00e9velopper des id\u00e9es pr\u00e9cises \u00e0 l'aide d'outils num\u00e9riques, les \u00e9quipes d'approvisionnement auront besoin de comp\u00e9tences en sciences des donn\u00e9es et en analytique. \n<\/p><\/div>   \n                <div class=\"clear\"><\/div> \n                <div class='blog-post_meta-desc'>       \n                                    <div class='blog-post_meta-read_more'>     \n                    <a href=\"https:\/\/wtcankara.org.tr\/fr\/the-wtca-celebrates-its-50th-anniversary\/\" class=\"button-read-more\">En Savoir Plus<\/a>\n                    <\/div>     \n                               <\/div>\n            <\/div>\n        <\/div>\n    <\/div>\n    <\/div><\/div>        <\/div>\n<ul class=\"wgl-pagination\"><li class=\"page\"><span aria-current=\"page\" class=\"page-numbers current\">1<\/span><\/li><li class=\"page\"><a class=\"page-numbers\" href=\"https:\/\/wtcankara.org.tr\/wp-json\/wp\/v2\/pages\/135\/page\/2\/\">2<\/a><\/li><li class=\"page\"><a class=\"next page-numbers\" href=\"https:\/\/wtcankara.org.tr\/wp-json\/wp\/v2\/pages\/135\/page\/2\/\"><i class=\"fa fa-angle-right\"><\/i><\/a><\/li><\/ul><\/section><div  class =\"brainbizz_module_spacing\"><div class=\"spacing_size spacing_size-initial\" style=\"height:30px;\"><\/div><\/div>  \n<\/div><\/div><\/div><\/div>","protected":false},"excerpt":{"rendered":"This year is the fiftieth anniversary of the World Trade Center Association. For the occasion, the World Trade Center Association (WTCA) traces the history of WTCs through short films published each month. You can find via the link below the mentioned videos to better understand the history of our international network!","protected":false},"author":47,"featured_media":0,"parent":0,"menu_order":0,"comment_status":"closed","ping_status":"closed","template":"","meta":{"_themeisle_gutenberg_block_has_review":false,"footnotes":""},"class_list":["post-135","page","type-page","status-publish","hentry"],"_links":{"self":[{"href":"https:\/\/wtcankara.org.tr\/fr\/wp-json\/wp\/v2\/pages\/135","targetHints":{"allow":["GET"]}}],"collection":[{"href":"https:\/\/wtcankara.org.tr\/fr\/wp-json\/wp\/v2\/pages"}],"about":[{"href":"https:\/\/wtcankara.org.tr\/fr\/wp-json\/wp\/v2\/types\/page"}],"author":[{"embeddable":true,"href":"https:\/\/wtcankara.org.tr\/fr\/wp-json\/wp\/v2\/users\/47"}],"replies":[{"embeddable":true,"href":"https:\/\/wtcankara.org.tr\/fr\/wp-json\/wp\/v2\/comments?post=135"}],"version-history":[{"count":0,"href":"https:\/\/wtcankara.org.tr\/fr\/wp-json\/wp\/v2\/pages\/135\/revisions"}],"wp:attachment":[{"href":"https:\/\/wtcankara.org.tr\/fr\/wp-json\/wp\/v2\/media?parent=135"}],"curies":[{"name":"wp","href":"https:\/\/api.w.org\/{rel}","templated":true}]}}