{"id":1223,"date":"2020-04-02T19:15:25","date_gmt":"2020-04-02T19:15:25","guid":{"rendered":"https:\/\/wtcankara.org.tr\/?page_id=1223"},"modified":"2020-04-13T10:39:16","modified_gmt":"2020-04-13T10:39:16","slug":"eco-business","status":"publish","type":"page","link":"https:\/\/wtcankara.org.tr\/fr\/eco-business\/","title":{"rendered":"Entreprise \u00c9cologique"},"content":{"rendered":"<div class=\"vc_row wpb_row vc_row-fluid vc_custom_1586774353138\"><div class=\"wpb_column vc_column_container vc_col-sm-6\"><div class=\"vc_column-inner\"><div class=\"wpb_wrapper\"><div class =\"brainbizz_module_text\" style=\"font-size:30px;line-height:42px;\">\n<h3>WTC ANKARA Approche Ecologique<\/h3>\n<\/div>  \n<div  class =\"brainbizz_module_spacing\"><div class=\"spacing_size spacing_size-initial\" style=\"height:19px;\"><\/div><\/div>  \n\n\t<div class=\"wpb_text_column wpb_content_element\" >\n\t\t<div class=\"wpb_wrapper\">\n\t\t\t<p class=\"translation-block\"><span style=\"color: #f0a24b\" class=\"dropcap\">N<\/span>ous sommes fiers d'\u00eatre les leaders dans la promotion de pratiques commerciales \u00e9cologiques, propres et vertes dans notre r\u00e9gion. Nous nous engageons \u00e0 contribuer et \u00e0 am\u00e9liorer la qualit\u00e9 environnementale de notre soci\u00e9t\u00e9 en partenariat avec des entreprises vertes et des communaut\u00e9s \u00e9cologiques pour cr\u00e9er un environnement \u00e9cologique et propre o\u00f9 vivre et travailler pour les g\u00e9n\u00e9rations futures.<\/p>\n<p>Nous sommes d\u00e9termin\u00e9s \u00e0 cr\u00e9er un avenir durable et \u00e9cologique et \u00e0 contribuer \u00e0 l'am\u00e9lioration sociale et \u00e9conomique de la communaut\u00e9 dans laquelle nous exer\u00e7ons nos activit\u00e9s.<\/p>\n\n\t\t<\/div>\n\t<\/div>\n<div  class =\"brainbizz_module_spacing\"><div class=\"spacing_size spacing_size-initial\" style=\"height:19px;\"><\/div><\/div>  \n<\/div><\/div><\/div><div class=\"wpb_column vc_column_container vc_col-sm-6\"><div class=\"vc_column-inner\"><div class=\"wpb_wrapper\">\n\t<div class=\"wpb_text_column wpb_content_element\" >\n\t\t<div class=\"wpb_wrapper\">\n\t\t\t<p><img loading=\"lazy\" decoding=\"async\" class=\"aligncenter wp-image-1280 size-full\" src=\"https:\/\/wtcankara.org.tr\/wp-content\/uploads\/2020\/04\/wtc-ankara-green-business-e1586735989913.jpg\" alt=\"\" width=\"1200\" height=\"684\" srcset=\"https:\/\/wtcankara.org.tr\/wp-content\/uploads\/2020\/04\/wtc-ankara-green-business-e1586735989913.jpg 1200w, https:\/\/wtcankara.org.tr\/wp-content\/uploads\/2020\/04\/wtc-ankara-green-business-e1586735989913-300x171.jpg 300w, https:\/\/wtcankara.org.tr\/wp-content\/uploads\/2020\/04\/wtc-ankara-green-business-e1586735989913-1024x584.jpg 1024w, https:\/\/wtcankara.org.tr\/wp-content\/uploads\/2020\/04\/wtc-ankara-green-business-e1586735989913-768x438.jpg 768w\" sizes=\"auto, (max-width: 1200px) 100vw, 1200px\" \/><\/p>\n\n\t\t<\/div>\n\t<\/div>\n<\/div><\/div><\/div><\/div>","protected":false},"excerpt":{"rendered":"WTC ANKARA Ecological Approach We are proud to be the leader in promoting eco-friendly, clean and green businesspractices in our region. We are committed to contribute and improve the environmental quality of our societyby partnering with green businesses and ecological communities to create an eco-friendly and clean environment to live and work for future generations. [...]","protected":false},"author":47,"featured_media":0,"parent":0,"menu_order":0,"comment_status":"closed","ping_status":"closed","template":"","meta":{"_themeisle_gutenberg_block_has_review":false,"footnotes":""},"class_list":["post-1223","page","type-page","status-publish","hentry"],"_links":{"self":[{"href":"https:\/\/wtcankara.org.tr\/fr\/wp-json\/wp\/v2\/pages\/1223","targetHints":{"allow":["GET"]}}],"collection":[{"href":"https:\/\/wtcankara.org.tr\/fr\/wp-json\/wp\/v2\/pages"}],"about":[{"href":"https:\/\/wtcankara.org.tr\/fr\/wp-json\/wp\/v2\/types\/page"}],"author":[{"embeddable":true,"href":"https:\/\/wtcankara.org.tr\/fr\/wp-json\/wp\/v2\/users\/47"}],"replies":[{"embeddable":true,"href":"https:\/\/wtcankara.org.tr\/fr\/wp-json\/wp\/v2\/comments?post=1223"}],"version-history":[{"count":24,"href":"https:\/\/wtcankara.org.tr\/fr\/wp-json\/wp\/v2\/pages\/1223\/revisions"}],"predecessor-version":[{"id":1664,"href":"https:\/\/wtcankara.org.tr\/fr\/wp-json\/wp\/v2\/pages\/1223\/revisions\/1664"}],"wp:attachment":[{"href":"https:\/\/wtcankara.org.tr\/fr\/wp-json\/wp\/v2\/media?parent=1223"}],"curies":[{"name":"wp","href":"https:\/\/api.w.org\/{rel}","templated":true}]}}