{"id":1171,"date":"2020-03-29T16:15:24","date_gmt":"2020-03-29T16:15:24","guid":{"rendered":"https:\/\/wtcankara.org.tr\/?page_id=1171"},"modified":"2020-04-12T19:58:34","modified_gmt":"2020-04-12T19:58:34","slug":"wtca","status":"publish","type":"page","link":"https:\/\/wtcankara.org.tr\/fr\/wtca\/","title":{"rendered":"WTC Association"},"content":{"rendered":"<div data-vc-full-width=\"true\" data-vc-full-width-init=\"false\" class=\"vc_row wpb_row vc_row-fluid vc_custom_1586712283492 vc_row-has-fill vc_row-o-content-middle vc_row-flex\"><div class=\"wpb_column vc_column_container vc_col-sm-12\"><div class=\"vc_column-inner\"><div class=\"wpb_wrapper\"><div  class =\"brainbizz_module_spacing\"><div class=\"spacing_size spacing_size-initial\" style=\"height:24px;\"><\/div><\/div>  \n<div id=\"brainbizz_dbl_69f47e13d931d\" class=\"brainbizz_module_double_headings aleft\"><div class=\"heading_subtitle\" style=\"font-size:14px; line-height:12px; font-weight:600; \">A PROPOS<\/div><div class=\"heading_title\" style=\"font-size:36px; line-height:1.167; font-weight:400; \"><div class=\"heading_title_mobile\" style=\"font-size:35px; line-height: 1.167;\">L'Association Mondiale des Centres de Commerce<\/div><\/div><\/div>  \n<div  class =\"brainbizz_module_spacing\"><div class=\"spacing_size spacing_size-initial\" style=\"height:24px;\"><\/div><\/div>  \n\n\t<div class=\"wpb_text_column wpb_content_element\" >\n\t\t<div class=\"wpb_wrapper\">\n\t\t\t<p class=\"translation-block\"><a href=\"https:\/\/www.wtca.org\/\" target=\"_blank\" rel=\"noopener noreferrer\">L'Association Mondiale des Centres de Commerce<\/a> (WTCA; www.wtca.org) a \u00e9t\u00e9 cr\u00e9\u00e9e en 1970 en relation avec le d\u00e9veloppement des Twin Towers de New York par l'Autorit\u00e9 portuaire de New York et du New Jersey. Elle a \u00e9t\u00e9 \u00e9tablie en tant qu'organisation \u00e0 but non lucratif et apolitique pour promouvoir le concept de World Trade Center (WTC) \u00e0 travers le monde et encourager des programmes r\u00e9ciproques entre tous ses membres.<\/p>\n<p>La WTCA stimule les opportunit\u00e9s commerciales et d'investissement pour les promoteurs immobiliers commerciaux, les agences de d\u00e9veloppement \u00e9conomique et les entreprises internationales cherchant \u00e0 se connecter \u00e0 l'\u00e9chelle mondiale et \u00e0 prosp\u00e9rer localement.<\/p>\n<p>La WTCA sert d'\u00e9cosyst\u00e8me international de connexions mondiales, de propri\u00e9t\u00e9s embl\u00e9matiques et de services commerciaux int\u00e9gr\u00e9s sous l'\u00e9gide d'une marque prestigieuse.<\/p>\n<div id=\"gtx-trans\" style=\"position: absolute; left: 272px; top: 36px;\">\n<div class=\"gtx-trans-icon\"><\/div>\n<\/div>\n\n\t\t<\/div>\n\t<\/div>\n\n\t<div class=\"wpb_text_column wpb_content_element\" >\n\t\t<div class=\"wpb_wrapper\">\n\t\t\t<p>L'un des moyens les plus importants par lesquels la WTCA favorise les opportunit\u00e9s \u00e9conomiques est gr\u00e2ce \u00e0 l'interd\u00e9pendance mutuelle que le commerce, et ses services respectifs, cr\u00e9e entre les parties. Il y a 324 WTC interconnect\u00e9s dans 91 pays. Les WTC sont pr\u00e9sents sur six continents et dans 73 capitales nationales du monde entier. En fait, 45% des pays membres des Nations Unies ont des WTC. Ensemble, ils emploient plus de 15 000 employ\u00e9s \u00e0 temps plein et desservent plus d'un million d'entreprises internationales estim\u00e9es.<\/p>\n<p>La WTCA est d\u00e9sormais la plus grande organisation commerciale non gouvernementale au monde. Elle a obtenu une reconnaissance importante pour son r\u00f4le dans le rapprochement du monde gr\u00e2ce \u00e0 son renforcement du commerce international.<\/p>\n<p>La WTCA a \u00e9t\u00e9 nomm\u00e9e sept fois, depuis 1997, pour le prix Nobel de la paix en reconnaissance de son r\u00f4le dans le rapprochement des personnes.<\/p>\n\n\t\t<\/div>\n\t<\/div>\n<div  class =\"brainbizz_module_spacing\"><div class=\"spacing_size spacing_size-initial\" style=\"height:24px;\"><\/div><\/div>  \n<\/div><\/div><\/div><\/div><div class=\"vc_row-full-width vc_clearfix\"><\/div><div class=\"vc_row wpb_row vc_row-fluid\"><div class=\"wpb_column vc_column_container vc_col-sm-12\"><div class=\"vc_column-inner\"><div class=\"wpb_wrapper\">\n\t<div  class=\"wpb_single_image wpb_content_element vc_align_center\">\n\t\t\n\t\t<figure class=\"wpb_wrapper vc_figure\">\n\t\t\t<a href=\"https:\/\/www.wtca.org\/\" target=\"_blank\" class=\"vc_single_image-wrapper   vc_box_border_grey\"><img loading=\"lazy\" decoding=\"async\" width=\"975\" height=\"425\" src=\"https:\/\/wtcankara.org.tr\/wp-content\/uploads\/2020\/04\/32207548_790909881106903_4043439266523512832_o.jpg\" class=\"vc_single_image-img attachment-full\" alt=\"\" srcset=\"https:\/\/wtcankara.org.tr\/wp-content\/uploads\/2020\/04\/32207548_790909881106903_4043439266523512832_o.jpg 975w, https:\/\/wtcankara.org.tr\/wp-content\/uploads\/2020\/04\/32207548_790909881106903_4043439266523512832_o-300x131.jpg 300w, https:\/\/wtcankara.org.tr\/wp-content\/uploads\/2020\/04\/32207548_790909881106903_4043439266523512832_o-768x335.jpg 768w\" sizes=\"auto, (max-width: 975px) 100vw, 975px\" \/><\/a>\n\t\t<\/figure>\n\t<\/div>\n<div  class =\"brainbizz_module_spacing\"><div class=\"spacing_size spacing_size-initial\" style=\"height:40px;\"><\/div><\/div>  \n<\/div><\/div><\/div><\/div>","protected":false},"excerpt":{"rendered":"ABOUT USThe World Trade Centers Association The World Trade Centers Association (WTCA; www.wtca.org ) was created in 1970 in connection with the development of New York\u2019s Twin Towers by the Port Authority of New York and New Jersey. It was established as a not-for-profit, apolitical organization to promote the concept of World Trade Center (WTC) [...]","protected":false},"author":47,"featured_media":0,"parent":0,"menu_order":0,"comment_status":"closed","ping_status":"closed","template":"","meta":{"_themeisle_gutenberg_block_has_review":false,"footnotes":""},"class_list":["post-1171","page","type-page","status-publish","hentry"],"_links":{"self":[{"href":"https:\/\/wtcankara.org.tr\/fr\/wp-json\/wp\/v2\/pages\/1171","targetHints":{"allow":["GET"]}}],"collection":[{"href":"https:\/\/wtcankara.org.tr\/fr\/wp-json\/wp\/v2\/pages"}],"about":[{"href":"https:\/\/wtcankara.org.tr\/fr\/wp-json\/wp\/v2\/types\/page"}],"author":[{"embeddable":true,"href":"https:\/\/wtcankara.org.tr\/fr\/wp-json\/wp\/v2\/users\/47"}],"replies":[{"embeddable":true,"href":"https:\/\/wtcankara.org.tr\/fr\/wp-json\/wp\/v2\/comments?post=1171"}],"version-history":[{"count":26,"href":"https:\/\/wtcankara.org.tr\/fr\/wp-json\/wp\/v2\/pages\/1171\/revisions"}],"predecessor-version":[{"id":1406,"href":"https:\/\/wtcankara.org.tr\/fr\/wp-json\/wp\/v2\/pages\/1171\/revisions\/1406"}],"wp:attachment":[{"href":"https:\/\/wtcankara.org.tr\/fr\/wp-json\/wp\/v2\/media?parent=1171"}],"curies":[{"name":"wp","href":"https:\/\/api.w.org\/{rel}","templated":true}]}}