{"id":1786,"date":"2022-02-09T07:47:46","date_gmt":"2022-02-09T07:47:46","guid":{"rendered":"https:\/\/wtcankara.org.tr\/?page_id=1786"},"modified":"2025-04-13T19:39:44","modified_gmt":"2025-04-13T19:39:44","slug":"news","status":"publish","type":"page","link":"https:\/\/wtcankara.org.tr\/en\/news\/","title":{"rendered":"News"},"content":{"rendered":"<div class=\"vc_row wpb_row vc_row-fluid\"><div class=\"wpb_column vc_column_container vc_col-sm-12\"><div class=\"vc_column-inner \"><div class=\"wpb_wrapper\">    <section class=\"wgl_cpt_section\">\n        <div  class=\"blog-posts \">\n            <div class=\"container-grid row  blog_columns-3 grid blog-style-standard\"><div class=\"wgl_col-4 item\">\n    <div class=\"blog-post  format-standard-image \">\n        <div class=\"blog-post_wrapper\">\n\n            <div class=\"blog-post_meta-date\">\t    \t\n\t    \t<div class=\"post_date\">\n\t\t\t\t<span class=\"date_post\">\n\t\t\t\t\t<span>14<\/span> April\t\t\t\t<\/span>\n\t\t\t<\/div>\n\t\t\t<\/div><div class=\"blog-post_media\"><div class=\"blog-post_media_part\"><a href=\"https:\/\/wtcankara.org.tr\/en\/wtc-ankara-polatli-chamber-visit\/\" class=\"blog-post_feature-link\"><img src='https:\/\/wtcankara.org.tr\/wp-content\/uploads\/2026\/04\/wtc-ankara-meeting-with-polatli-chamber-of-commerce-title-700x580-700x580.webp' alt='' \/><\/a><\/div><\/div>            <div class=\"blog-post_content\">\n            <div class=\"blog-post_meta-categories\">\t\t\t<div class=\"current-menu-item\"><\/div><span><a href=\"https:\/\/wtcankara.org.tr\/en\/category\/business\/\">Business<\/a><\/span><span><a href=\"https:\/\/wtcankara.org.tr\/en\/category\/news\/\">News<\/a><\/span><\/div><h3 class=\"blog-post_title\" style=\"margin-bottom: 0px\"><a href=\"https:\/\/wtcankara.org.tr\/en\/wtc-ankara-polatli-chamber-visit\/\">WTC Ankara Visits Polatl\u0131 Chamber of Commerce<\/a><\/h3><div class=\"blog-post_text\"><p>\nWTC Ankara Visits Polatl\u0131 Chamber of Commerce to Strengthen Business Dialogue\n\n\n\n\nOur General Manager, Dr. Ali \u00c7olak, visited the Polatl\u0131 Chamber of Commerce and shared information about the services offered by WTC Ankara, its contributions to international business networks, and the...<\/p><\/div>   \n                <div class=\"clear\"><\/div> \n                <div class='blog-post_meta-desc'>       \n                                    <div class='blog-post_meta-read_more'>     \n                    <a href=\"https:\/\/wtcankara.org.tr\/en\/wtc-ankara-polatli-chamber-visit\/\" class=\"button-read-more\">Read More<\/a>\n                    <\/div>     \n                               <\/div>\n            <\/div>\n        <\/div>\n    <\/div>\n    <\/div><div class=\"wgl_col-4 item\">\n    <div class=\"blog-post  format-standard-image \">\n        <div class=\"blog-post_wrapper\">\n\n            <div class=\"blog-post_meta-date\">\t    \t\n\t    \t<div class=\"post_date\">\n\t\t\t\t<span class=\"date_post\">\n\t\t\t\t\t<span>14<\/span> April\t\t\t\t<\/span>\n\t\t\t<\/div>\n\t\t\t<\/div><div class=\"blog-post_media\"><div class=\"blog-post_media_part\"><a href=\"https:\/\/wtcankara.org.tr\/en\/wtc-ankara-business-meetings-in-paris\/\" class=\"blog-post_feature-link\"><img src='https:\/\/wtcankara.org.tr\/wp-content\/uploads\/2026\/04\/wtc-paris-ile-de-france-cci-paris-building-700x580-700x580.webp' alt='' \/><\/a><\/div><\/div>            <div class=\"blog-post_content\">\n            <div class=\"blog-post_meta-categories\">\t\t\t<div class=\"current-menu-item\"><\/div><span><a href=\"https:\/\/wtcankara.org.tr\/en\/category\/business\/\">Business<\/a><\/span><span><a href=\"https:\/\/wtcankara.org.tr\/en\/category\/news\/\">News<\/a><\/span><\/div><h3 class=\"blog-post_title\" style=\"margin-bottom: 0px\"><a href=\"https:\/\/wtcankara.org.tr\/en\/wtc-ankara-business-meetings-in-paris\/\">WTC Ankara Business Meetings in Paris<\/a><\/h3><div class=\"blog-post_text\"><p>\n\nWTC Ankara Holds Strategic Business Meetings in Paris\n\n\n\nAs part of our visit to France, our General Manager, Ali \u00c7olak, met in Paris with Agnes Gomes, Head of Events, Networks and Country Partnerships at World Trade Center Paris \u00cele-de-France, and Pierre Mongru\u00e9, Deputy Managing...<\/p><\/div>   \n                <div class=\"clear\"><\/div> \n                <div class='blog-post_meta-desc'>       \n                                    <div class='blog-post_meta-read_more'>     \n                    <a href=\"https:\/\/wtcankara.org.tr\/en\/wtc-ankara-business-meetings-in-paris\/\" class=\"button-read-more\">Read More<\/a>\n                    <\/div>     \n                               <\/div>\n            <\/div>\n        <\/div>\n    <\/div>\n    <\/div><div class=\"wgl_col-4 item\">\n    <div class=\"blog-post  format-standard-image \">\n        <div class=\"blog-post_wrapper\">\n\n            <div class=\"blog-post_meta-date\">\t    \t\n\t    \t<div class=\"post_date\">\n\t\t\t\t<span class=\"date_post\">\n\t\t\t\t\t<span>27<\/span> June\t\t\t\t<\/span>\n\t\t\t<\/div>\n\t\t\t<\/div><div class=\"blog-post_media\"><div class=\"blog-post_media_part\"><a href=\"https:\/\/wtcankara.org.tr\/en\/248-usa-independence-day-celebration-2\/\" class=\"blog-post_feature-link\"><img src='https:\/\/wtcankara.org.tr\/wp-content\/uploads\/2024\/06\/post_ankara-01-700x580-700x580.png' alt='' \/><\/a><\/div><\/div>            <div class=\"blog-post_content\">\n            <div class=\"blog-post_meta-categories\">\t\t\t<div class=\"current-menu-item\"><\/div><span><a href=\"https:\/\/wtcankara.org.tr\/en\/category\/events\/\">Events<\/a><\/span><span><a href=\"https:\/\/wtcankara.org.tr\/en\/category\/news\/\">News<\/a><\/span><\/div><h3 class=\"blog-post_title\" style=\"margin-bottom: 0px\"><a href=\"https:\/\/wtcankara.org.tr\/en\/248-usa-independence-day-celebration-2\/\">Celebrating the 248th U.S. Independence Day in Ankara<\/a><\/h3><div class=\"blog-post_text\"><p>\nCelebrating the 248th U.S. Independence Day in Ankara\n\n\n\nWe are delighted to have been a proud sponsor of the U.S. Independence Day Reception held at the U.S. Ambassador&#8217;s Residence in Ankara, T\u00fcrkiye. As in previous years, it was an honor to sponsor this wonderful event and...<\/p><\/div>   \n                <div class=\"clear\"><\/div> \n                <div class='blog-post_meta-desc'>       \n                                    <div class='blog-post_meta-read_more'>     \n                    <a href=\"https:\/\/wtcankara.org.tr\/en\/248-usa-independence-day-celebration-2\/\" class=\"button-read-more\">Read More<\/a>\n                    <\/div>     \n                               <\/div>\n            <\/div>\n        <\/div>\n    <\/div>\n    <\/div><div class=\"wgl_col-4 item\">\n    <div class=\"blog-post  format-standard-image \">\n        <div class=\"blog-post_wrapper\">\n\n            <div class=\"blog-post_meta-date\">\t    \t\n\t    \t<div class=\"post_date\">\n\t\t\t\t<span class=\"date_post\">\n\t\t\t\t\t<span>13<\/span> June\t\t\t\t<\/span>\n\t\t\t<\/div>\n\t\t\t<\/div><div class=\"blog-post_media\"><div class=\"blog-post_media_part\"><a href=\"https:\/\/wtcankara.org.tr\/en\/248-usa-independence-day-celebration\/\" class=\"blog-post_feature-link\"><img src='https:\/\/wtcankara.org.tr\/wp-content\/uploads\/2024\/06\/World-Trade-Center-Ankara-700x580-700x580.png' alt='' \/><\/a><\/div><\/div>            <div class=\"blog-post_content\">\n            <div class=\"blog-post_meta-categories\">\t\t\t<div class=\"current-menu-item\"><\/div><span><a href=\"https:\/\/wtcankara.org.tr\/en\/category\/events\/\">Events<\/a><\/span><span><a href=\"https:\/\/wtcankara.org.tr\/en\/category\/news\/\">News<\/a><\/span><\/div><h3 class=\"blog-post_title\" style=\"margin-bottom: 0px\"><a href=\"https:\/\/wtcankara.org.tr\/en\/248-usa-independence-day-celebration\/\">248th U.S. Independence Day Celebrations in Istanbul&#038;Izmir<\/a><\/h3><div class=\"blog-post_text\"><p>\n248. USA Independence Day Celebration\n\n\n\nWe were one of the sponsors of the U.S. Independence Day Reception, which took place at the U.S.A Consulate General in \u0130stanbul and U.S.A Consulate in \u0130zmir, T\u00fcrkiye. Just like in previous years, we are proud to be among the sponsors of this...<\/p><\/div>   \n                <div class=\"clear\"><\/div> \n                <div class='blog-post_meta-desc'>       \n                                    <div class='blog-post_meta-read_more'>     \n                    <a href=\"https:\/\/wtcankara.org.tr\/en\/248-usa-independence-day-celebration\/\" class=\"button-read-more\">Read More<\/a>\n                    <\/div>     \n                               <\/div>\n            <\/div>\n        <\/div>\n    <\/div>\n    <\/div><div class=\"wgl_col-4 item\">\n    <div class=\"blog-post  format-standard-image \">\n        <div class=\"blog-post_wrapper\">\n\n            <div class=\"blog-post_meta-date\">\t    \t\n\t    \t<div class=\"post_date\">\n\t\t\t\t<span class=\"date_post\">\n\t\t\t\t\t<span>22<\/span> June\t\t\t\t<\/span>\n\t\t\t<\/div>\n\t\t\t<\/div><div class=\"blog-post_media\"><div class=\"blog-post_media_part\"><a href=\"https:\/\/wtcankara.org.tr\/en\/usa-independence-day-247\/\" class=\"blog-post_feature-link\"><img src='https:\/\/wtcankara.org.tr\/wp-content\/uploads\/2023\/06\/OneCikan-700x580-700x580.png' alt='' \/><\/a><\/div><\/div>            <div class=\"blog-post_content\">\n            <div class=\"blog-post_meta-categories\">\t\t\t<div class=\"current-menu-item\"><\/div><span><a href=\"https:\/\/wtcankara.org.tr\/en\/category\/events\/\">Events<\/a><\/span><span><a href=\"https:\/\/wtcankara.org.tr\/en\/category\/news\/\">News<\/a><\/span><\/div><h3 class=\"blog-post_title\" style=\"margin-bottom: 0px\"><a href=\"https:\/\/wtcankara.org.tr\/en\/usa-independence-day-247\/\">247. U.S. Independence Day Reception Held in Ankara<\/a><\/h3><div class=\"blog-post_text\"><p>\r\n247. USA Independence Day Celebration\r\n\r\n\r\n\r\nWe were one of the sponsors of the U.S. Independence Day Reception, which took place at the U.S. Ambassador&#8217;s Residence in Ankara, Turkey. Just like in previous years, we are proud to be among the sponsors of this wonderful event and...<\/p><\/div>   \n                <div class=\"clear\"><\/div> \n                <div class='blog-post_meta-desc'>       \n                                    <div class='blog-post_meta-read_more'>     \n                    <a href=\"https:\/\/wtcankara.org.tr\/en\/usa-independence-day-247\/\" class=\"button-read-more\">Read More<\/a>\n                    <\/div>     \n                               <\/div>\n            <\/div>\n        <\/div>\n    <\/div>\n    <\/div><div class=\"wgl_col-4 item\">\n    <div class=\"blog-post  format-standard-image \">\n        <div class=\"blog-post_wrapper\">\n\n            <div class=\"blog-post_meta-date\">\t    \t\n\t    \t<div class=\"post_date\">\n\t\t\t\t<span class=\"date_post\">\n\t\t\t\t\t<span>12<\/span> April\t\t\t\t<\/span>\n\t\t\t<\/div>\n\t\t\t<\/div><div class=\"blog-post_media\"><div class=\"blog-post_media_part\"><a href=\"https:\/\/wtcankara.org.tr\/en\/covid-19-resources-and-updates\/\" class=\"blog-post_feature-link\"><img src='https:\/\/wtcankara.org.tr\/wp-content\/uploads\/2020\/04\/coronavirus-cdc-1585869759-700x580-700x580.jpg' alt='' \/><\/a><\/div><\/div>            <div class=\"blog-post_content\">\n            <div class=\"blog-post_meta-categories\">\t\t\t<div class=\"current-menu-item\"><\/div><span><a href=\"https:\/\/wtcankara.org.tr\/en\/category\/news\/\">News<\/a><\/span><\/div><h3 class=\"blog-post_title\" style=\"margin-bottom: 0px\"><a href=\"https:\/\/wtcankara.org.tr\/en\/covid-19-resources-and-updates\/\">Covid-19 Resources and Updates<\/a><\/h3><div class=\"blog-post_text\"><p>Leading companies are adding new talent to support a digital operating model. To develop sharp insights using digital tools, procurement teams will need data science and analytics expertise. \n<\/p><\/div>   \n                <div class=\"clear\"><\/div> \n                <div class='blog-post_meta-desc'>       \n                                    <div class='blog-post_meta-read_more'>     \n                    <a href=\"https:\/\/wtcankara.org.tr\/en\/covid-19-resources-and-updates\/\" class=\"button-read-more\">Read More<\/a>\n                    <\/div>     \n                               <\/div>\n            <\/div>\n        <\/div>\n    <\/div>\n    <\/div><div class=\"wgl_col-4 item\">\n    <div class=\"blog-post  format-standard-image \">\n        <div class=\"blog-post_wrapper\">\n\n            <div class=\"blog-post_meta-date\">\t    \t\n\t    \t<div class=\"post_date\">\n\t\t\t\t<span class=\"date_post\">\n\t\t\t\t\t<span>10<\/span> April\t\t\t\t<\/span>\n\t\t\t<\/div>\n\t\t\t<\/div><div class=\"blog-post_media\"><div class=\"blog-post_media_part\"><a href=\"https:\/\/wtcankara.org.tr\/en\/the-wtca-celebrates-its-50th-anniversary\/\" class=\"blog-post_feature-link\"><img src='https:\/\/wtcankara.org.tr\/wp-content\/uploads\/2018\/10\/WTCA_50th-700x580-700x580.jpg' alt='' \/><\/a><\/div><\/div>            <div class=\"blog-post_content\">\n            <div class=\"blog-post_meta-categories\">\t\t\t<div class=\"current-menu-item\"><\/div><span><a href=\"https:\/\/wtcankara.org.tr\/en\/category\/events\/\">Events<\/a><\/span><\/div><h3 class=\"blog-post_title\" style=\"margin-bottom: 0px\"><a href=\"https:\/\/wtcankara.org.tr\/en\/the-wtca-celebrates-its-50th-anniversary\/\">The WTCA celebrates its 50th Anniversary!<\/a><\/h3><div class=\"blog-post_text\"><p>Leading companies are adding new talent to support a digital operating model. To develop sharp insights using digital tools, procurement teams will need data science and analytics expertise. \n<\/p><\/div>   \n                <div class=\"clear\"><\/div> \n                <div class='blog-post_meta-desc'>       \n                                    <div class='blog-post_meta-read_more'>     \n                    <a href=\"https:\/\/wtcankara.org.tr\/en\/the-wtca-celebrates-its-50th-anniversary\/\" class=\"button-read-more\">Read More<\/a>\n                    <\/div>     \n                               <\/div>\n            <\/div>\n        <\/div>\n    <\/div>\n    <\/div><div class=\"wgl_col-4 item\">\n    <div class=\"blog-post  format-standard-image \">\n        <div class=\"blog-post_wrapper\">\n\n            <div class=\"blog-post_meta-date\">\t    \t\n\t    \t<div class=\"post_date\">\n\t\t\t\t<span class=\"date_post\">\n\t\t\t\t\t<span>06<\/span> April\t\t\t\t<\/span>\n\t\t\t<\/div>\n\t\t\t<\/div><div class=\"blog-post_media\"><div class=\"blog-post_media_part\"><a href=\"https:\/\/wtcankara.org.tr\/en\/the-51st-general-assembly-of-the-world-trade-centers-association\/\" class=\"blog-post_feature-link\"><img src='https:\/\/wtcankara.org.tr\/wp-content\/uploads\/2018\/10\/tmp_2468_11-8-2019_41059_-700x580-700x580.jpg' alt='\u5217\u5370' \/><\/a><\/div><\/div>            <div class=\"blog-post_content\">\n            <div class=\"blog-post_meta-categories\">\t\t\t<div class=\"current-menu-item\"><\/div><span><a href=\"https:\/\/wtcankara.org.tr\/en\/category\/events\/\">Events<\/a><\/span><\/div><h3 class=\"blog-post_title\" style=\"margin-bottom: 0px\"><a href=\"https:\/\/wtcankara.org.tr\/en\/the-51st-general-assembly-of-the-world-trade-centers-association\/\">The 51st General Assembly of the WTCA<\/a><\/h3><div class=\"blog-post_text\"><p>Leading companies are adding new talent to support a digital operating model. To develop sharp insights using digital tools, procurement teams will need data science and analytics expertise. \n<\/p><\/div>   \n                <div class=\"clear\"><\/div> \n                <div class='blog-post_meta-desc'>       \n                                    <div class='blog-post_meta-read_more'>     \n                    <a href=\"https:\/\/wtcankara.org.tr\/en\/the-51st-general-assembly-of-the-world-trade-centers-association\/\" class=\"button-read-more\">Read More<\/a>\n                    <\/div>     \n                               <\/div>\n            <\/div>\n        <\/div>\n    <\/div>\n    <\/div><\/div>        <\/div>\n<\/section><\/div><\/div><\/div><\/div>\n","protected":false},"excerpt":{"rendered":"The World Trade Centers Association\u2019s (WTCA) Annual General Assembly (GA) is the organization's premier annual event gathering more than 300 representatives among World Trade Centers and their member companies from all over the world. In 2020, the Association\u2019s 51st General Assembly will take place from September 20-23 in Taipei at the Taipei International Convention Center [...]","protected":false},"author":47,"featured_media":0,"parent":0,"menu_order":0,"comment_status":"closed","ping_status":"closed","template":"","meta":{"_themeisle_gutenberg_block_has_review":false,"footnotes":""},"class_list":["post-1786","page","type-page","status-publish","hentry"],"_links":{"self":[{"href":"https:\/\/wtcankara.org.tr\/en\/wp-json\/wp\/v2\/pages\/1786","targetHints":{"allow":["GET"]}}],"collection":[{"href":"https:\/\/wtcankara.org.tr\/en\/wp-json\/wp\/v2\/pages"}],"about":[{"href":"https:\/\/wtcankara.org.tr\/en\/wp-json\/wp\/v2\/types\/page"}],"author":[{"embeddable":true,"href":"https:\/\/wtcankara.org.tr\/en\/wp-json\/wp\/v2\/users\/47"}],"replies":[{"embeddable":true,"href":"https:\/\/wtcankara.org.tr\/en\/wp-json\/wp\/v2\/comments?post=1786"}],"version-history":[{"count":3,"href":"https:\/\/wtcankara.org.tr\/en\/wp-json\/wp\/v2\/pages\/1786\/revisions"}],"predecessor-version":[{"id":1867,"href":"https:\/\/wtcankara.org.tr\/en\/wp-json\/wp\/v2\/pages\/1786\/revisions\/1867"}],"wp:attachment":[{"href":"https:\/\/wtcankara.org.tr\/en\/wp-json\/wp\/v2\/media?parent=1786"}],"curies":[{"name":"wp","href":"https:\/\/api.w.org\/{rel}","templated":true}]}}