{"id":1489,"date":"2020-04-12T23:07:26","date_gmt":"2020-04-12T23:07:26","guid":{"rendered":"https:\/\/wtcankara.org.tr\/?page_id=1489"},"modified":"2020-04-13T01:13:33","modified_gmt":"2020-04-13T01:13:33","slug":"trade-education","status":"publish","type":"page","link":"http:\/\/wtcankara.org.tr\/tr\/services\/trade-education\/","title":{"rendered":"Ticari E\u011fitim"},"content":{"rendered":"<div class=\"vc_row wpb_row vc_row-fluid\"><div class=\"wpb_column vc_column_container vc_col-sm-12\"><div class=\"vc_column-inner\"><div class=\"wpb_wrapper\"><div  class =\"brainbizz_module_spacing\"><div class=\"spacing_size spacing_size-initial\" style=\"height:19px;\"><\/div><\/div>  \n\n\t<div class=\"wpb_text_column wpb_content_element\" >\n\t\t<div class=\"wpb_wrapper\">\n\t\t\t<p class=\"p1\"><span class=\"s1\">WTC Ankara, k\u00fcresel pazarlarda faaliyet g\u00f6stermek isteyen \u015firketler i\u00e7in kritik konularda\nd\u00fczenli seminerler ve \u00e7al\u0131\u015ftaylar d\u00fczenlemektedir.<\/span><\/p>\n<p class=\"p1\"><span class=\"s1\">WTC Ankara, hem kendi e\u011fitim kaynaklar\u0131n\u0131 sa\u011flamak, hem de \u00fcyelerinin d\u0131\u015f ticaret\nbecerilerini ve i\u015flerini k\u00fcresel olarak b\u00fcy\u00fctmelerine yard\u0131mc\u0131 olacak bilgileri geli\u015ftirmelerini\nsa\u011flamak i\u00e7in di\u011fer kurulu\u015flarla i\u015fbirli\u011fi yapar. Sertifika programlar\u0131, seminerler ve web\nseminerleri (\u00e7evrimi\u00e7i seminerler) ithalat \/ ihracat e\u011fitiminden proje finansman\u0131 kurslar\u0131na\nkadar uzanmaktad\u0131r.<\/span><\/p>\n<p class=\"p1\"><span class=\"s2\">K\u00fcresel ticaret meseleleriyle ilgili g\u00fcncel konularda interaktif tart\u0131\u015fmalar, \u00e7al\u0131\u015ftaylar ve\nkonu\u015fmac\u0131 programlar\u0131 da WTC Ankara e\u011fitim hizmetleri kapsam\u0131nda sunulmaktad\u0131r.\u00a0<\/span><\/p>\n\n\t\t<\/div>\n\t<\/div>\n<\/div><\/div><\/div><\/div>","protected":false},"excerpt":{"rendered":"WTC Ankara organizes regular seminars and workshops on critical issues for companies that want to operate in global markets. WTC Ankara provides both its own educational resources and cooperates with other organizations to ensure its members improve their foreign trade skills and knowledge that help grow their businesses globally. Certificate programs, seminars and webinars (on-line [...]","protected":false},"author":47,"featured_media":0,"parent":669,"menu_order":0,"comment_status":"closed","ping_status":"closed","template":"","meta":{"_themeisle_gutenberg_block_has_review":false,"footnotes":""},"class_list":["post-1489","page","type-page","status-publish","hentry"],"_links":{"self":[{"href":"http:\/\/wtcankara.org.tr\/tr\/wp-json\/wp\/v2\/pages\/1489","targetHints":{"allow":["GET"]}}],"collection":[{"href":"http:\/\/wtcankara.org.tr\/tr\/wp-json\/wp\/v2\/pages"}],"about":[{"href":"http:\/\/wtcankara.org.tr\/tr\/wp-json\/wp\/v2\/types\/page"}],"author":[{"embeddable":true,"href":"http:\/\/wtcankara.org.tr\/tr\/wp-json\/wp\/v2\/users\/47"}],"replies":[{"embeddable":true,"href":"http:\/\/wtcankara.org.tr\/tr\/wp-json\/wp\/v2\/comments?post=1489"}],"version-history":[{"count":2,"href":"http:\/\/wtcankara.org.tr\/tr\/wp-json\/wp\/v2\/pages\/1489\/revisions"}],"predecessor-version":[{"id":1491,"href":"http:\/\/wtcankara.org.tr\/tr\/wp-json\/wp\/v2\/pages\/1489\/revisions\/1491"}],"up":[{"embeddable":true,"href":"http:\/\/wtcankara.org.tr\/tr\/wp-json\/wp\/v2\/pages\/669"}],"wp:attachment":[{"href":"http:\/\/wtcankara.org.tr\/tr\/wp-json\/wp\/v2\/media?parent=1489"}],"curies":[{"name":"wp","href":"https:\/\/api.w.org\/{rel}","templated":true}]}}