{"id":1466,"date":"2020-04-12T22:01:00","date_gmt":"2020-04-12T22:01:00","guid":{"rendered":"https:\/\/wtcankara.org.tr\/?page_id=1466"},"modified":"2020-04-14T07:19:38","modified_gmt":"2020-04-14T07:19:38","slug":"foreign-direct-investment","status":"publish","type":"page","link":"http:\/\/wtcankara.org.tr\/tr\/services\/foreign-direct-investment\/","title":{"rendered":"Do\u011frudan Yabanc\u0131 Yat\u0131r\u0131m\u0131 (FDI)"},"content":{"rendered":"<div class=\"vc_row wpb_row vc_row-fluid\"><div class=\"wpb_column vc_column_container vc_col-sm-12\"><div class=\"vc_column-inner\"><div class=\"wpb_wrapper\"><div  class =\"brainbizz_module_spacing\"><div class=\"spacing_size spacing_size-initial\" style=\"height:19px;\"><\/div><\/div>  \n\n\t<div class=\"wpb_text_column wpb_content_element\" >\n\t\t<div class=\"wpb_wrapper\">\n\t\t\t<p class=\"translation-block\"><span style=\"color: #f0a24b\" class=\"dropcap\">W<\/span>TC Ankara, Do\u011frudan Yabanc\u0131 Yat\u0131r\u0131mlar\u0131 (FDI) \u00e7ekmek i\u00e7in yerel yetkililer ve yerel ekonomik kalk\u0131nma organizasyonlar\u0131yla birlikte \u00e7al\u0131\u015fmakta ve T\u00fcrkiye\u2019nin ba\u015fkenti Ankara\u2019da ve \u00e7evresindeki b\u00f6lgede faaliyetlerini ger\u00e7ekle\u015ftirmeye veya geni\u015fletmeye \u00e7al\u0131\u015fan uluslararas\u0131 \u015firketlere i\u015f yard\u0131m\u0131 hizmetleri sunmaktad\u0131r.<\/p>\n\n\t\t<\/div>\n\t<\/div>\n<\/div><\/div><\/div><\/div><div class=\"vc_row wpb_row vc_row-fluid box-shadow z-index-1 ohidden acenter vc_custom_1585948720838 vc_row-has-fill\"><div class=\"wpb_column vc_column_container vc_col-sm-12\"><div class=\"vc_column-inner\"><div class=\"wpb_wrapper\"><div  class =\"brainbizz_module_spacing\"><div class=\"spacing_size spacing_size-initial\" style=\"height:30px;\"><\/div><\/div>  \n<div id=\"brainbizz_dbl_69e382a23f2f0\" class=\"brainbizz_module_double_headings acenter\"><div class=\"heading_subtitle\" style=\"font-size:14px; line-height:12px; font-weight:600; \">Ekibimiz do\u011fru hizmeti bulman\u0131za yard\u0131mc\u0131 olmaya haz\u0131r<\/div><div class=\"heading_title\" style=\"font-size:36px; line-height:1.167; font-weight:400; \"><div class=\"heading_title_mobile\" style=\"font-size:26px; line-height: 1.167;\">B\u0130ZE ULA\u015eIN<\/div><\/div><\/div>  \n<div  class =\"brainbizz_module_spacing\"><div class=\"spacing_size spacing_size-initial\" style=\"height:50px;\"><\/div><\/div>  \n\n<div class=\"wpcf7 no-js\" id=\"wpcf7-f1365-o1\" lang=\"en-US\" dir=\"ltr\" data-wpcf7-id=\"1365\">\n<div class=\"screen-reader-response\"><p role=\"status\" aria-live=\"polite\" aria-atomic=\"true\"><\/p> <ul><\/ul><\/div>\n<form action=\"\/tr\/wp-json\/wp\/v2\/pages\/1466#wpcf7-f1365-o1\" method=\"post\" class=\"wpcf7-form init\" aria-label=\"Contact form\" novalidate=\"novalidate\" data-status=\"init\" data-trp-original-action=\"\/tr\/wp-json\/wp\/v2\/pages\/1466#wpcf7-f1365-o1\">\n<fieldset class=\"hidden-fields-container\"><input type=\"hidden\" name=\"_wpcf7\" value=\"1365\" \/><input type=\"hidden\" name=\"_wpcf7_version\" value=\"6.1.5\" \/><input type=\"hidden\" name=\"_wpcf7_locale\" value=\"en_US\" \/><input type=\"hidden\" name=\"_wpcf7_unit_tag\" value=\"wpcf7-f1365-o1\" \/><input type=\"hidden\" name=\"_wpcf7_container_post\" value=\"0\" \/><input type=\"hidden\" name=\"_wpcf7_posted_data_hash\" value=\"\" \/><input type=\"hidden\" name=\"_wpcf7cf_hidden_group_fields\" value=\"[]\" \/><input type=\"hidden\" name=\"_wpcf7cf_hidden_groups\" value=\"[]\" \/><input type=\"hidden\" name=\"_wpcf7cf_visible_groups\" value=\"[]\" \/><input type=\"hidden\" name=\"_wpcf7cf_repeaters\" value=\"[]\" \/><input type=\"hidden\" name=\"_wpcf7cf_steps\" value=\"{}\" \/><input type=\"hidden\" name=\"_wpcf7cf_options\" value=\"{&quot;form_id&quot;:1365,&quot;conditions&quot;:[],&quot;settings&quot;:{&quot;animation&quot;:&quot;yes&quot;,&quot;animation_intime&quot;:200,&quot;animation_outtime&quot;:200,&quot;conditions_ui&quot;:&quot;normal&quot;,&quot;notice_dismissed&quot;:false,&quot;notice_dismissed_update-cf7-6.1.4&quot;:true}}\" \/>\n<\/fieldset>\n<div class='row'>\n\t<div class='wgl_col-6'>\n\t\t<p><span class=\"wpcf7-form-control-wrap\" data-name=\"your-name\"><input size=\"40\" maxlength=\"400\" class=\"wpcf7-form-control wpcf7-text\" aria-invalid=\"false\" placeholder=\"Ad\u0131n\u0131z*\" value=\"\" type=\"text\" name=\"your-name\" \/><\/span>\n\t\t<\/p>\n\t<\/div>\n\t<div class='wgl_col-6'>\n\t\t<p><span class=\"wpcf7-form-control-wrap\" data-name=\"your-company\"><input size=\"40\" maxlength=\"400\" class=\"wpcf7-form-control wpcf7-text\" aria-invalid=\"false\" placeholder=\"Firma Ad\u0131*\" value=\"\" type=\"text\" name=\"your-company\" \/><\/span>\n\t\t<\/p>\n\t<\/div>\n\t<div class='wgl_col-6'>\n\t\t<p><span class=\"wpcf7-form-control-wrap\" data-name=\"your-phone\"><input size=\"40\" maxlength=\"400\" class=\"wpcf7-form-control wpcf7-tel wpcf7-text wpcf7-validates-as-tel\" aria-invalid=\"false\" placeholder=\"Telefonunuz*\" value=\"\" type=\"tel\" name=\"your-phone\" \/><\/span>\n\t\t<\/p>\n\t<\/div>\n\t<div class='wgl_col-6'>\n\t\t<p><span class=\"wpcf7-form-control-wrap\" data-name=\"your-email\"><input size=\"40\" maxlength=\"400\" class=\"wpcf7-form-control wpcf7-email wpcf7-text wpcf7-validates-as-email\" aria-invalid=\"false\" placeholder=\"E-posta adresiniz*\" value=\"\" type=\"email\" name=\"your-email\" \/><\/span>\n\t\t<\/p>\n\t<\/div>\n\t<div class='wgl_col-12'>\n\t\t<p><span class=\"wpcf7-form-control-wrap\" data-name=\"your-message\"><textarea cols=\"40\" rows=\"5\" maxlength=\"2000\" class=\"wpcf7-form-control wpcf7-textarea\" aria-invalid=\"false\" placeholder=\"Mesaj\u0131n\u0131z\" name=\"your-message\"><\/textarea><\/span>\n\t\t<\/p>\n\t<\/div>\n<\/div>\n<p><input class=\"wpcf7-form-control wpcf7-submit has-spinner\" type=\"submit\" value=\"MESAJ G\u00d6NDER\" \/>\n<\/p><p style=\"display: none !important;\" class=\"akismet-fields-container\" data-prefix=\"_wpcf7_ak_\"><label>&#916;<textarea name=\"_wpcf7_ak_hp_textarea\" cols=\"45\" rows=\"8\" maxlength=\"100\"><\/textarea><\/label><input type=\"hidden\" id=\"ak_js_1\" name=\"_wpcf7_ak_js\" value=\"39\"\/><script>document.getElementById( \"ak_js_1\" ).setAttribute( \"value\", ( new Date() ).getTime() );<\/script><\/p><div class=\"wpcf7-response-output\" aria-hidden=\"true\"><\/div>\n<input type=\"hidden\" name=\"trp-form-language\" value=\"tr\"\/><\/form>\n<\/div>\n<div  class =\"brainbizz_module_spacing\"><div class=\"spacing_size spacing_size-initial\" style=\"height:20px;\"><\/div><\/div>  \n<\/div><\/div><\/div><\/div>","protected":false},"excerpt":{"rendered":"WTC Ankara works with local officials and local economic\u00a0development organizations to attract Foreign Direct Investment (FDI) and provides business assistance services to international companies seeking to locate or expand their business operations in the capital city of Turkey, Ankara and surrounding region. Our team is ready to help you find the right serviceREACH US &#916;","protected":false},"author":47,"featured_media":0,"parent":669,"menu_order":0,"comment_status":"closed","ping_status":"closed","template":"","meta":{"_themeisle_gutenberg_block_has_review":false,"footnotes":""},"class_list":["post-1466","page","type-page","status-publish","hentry"],"_links":{"self":[{"href":"http:\/\/wtcankara.org.tr\/tr\/wp-json\/wp\/v2\/pages\/1466","targetHints":{"allow":["GET"]}}],"collection":[{"href":"http:\/\/wtcankara.org.tr\/tr\/wp-json\/wp\/v2\/pages"}],"about":[{"href":"http:\/\/wtcankara.org.tr\/tr\/wp-json\/wp\/v2\/types\/page"}],"author":[{"embeddable":true,"href":"http:\/\/wtcankara.org.tr\/tr\/wp-json\/wp\/v2\/users\/47"}],"replies":[{"embeddable":true,"href":"http:\/\/wtcankara.org.tr\/tr\/wp-json\/wp\/v2\/comments?post=1466"}],"version-history":[{"count":4,"href":"http:\/\/wtcankara.org.tr\/tr\/wp-json\/wp\/v2\/pages\/1466\/revisions"}],"predecessor-version":[{"id":1717,"href":"http:\/\/wtcankara.org.tr\/tr\/wp-json\/wp\/v2\/pages\/1466\/revisions\/1717"}],"up":[{"embeddable":true,"href":"http:\/\/wtcankara.org.tr\/tr\/wp-json\/wp\/v2\/pages\/669"}],"wp:attachment":[{"href":"http:\/\/wtcankara.org.tr\/tr\/wp-json\/wp\/v2\/media?parent=1466"}],"curies":[{"name":"wp","href":"https:\/\/api.w.org\/{rel}","templated":true}]}}