{"id":1244,"date":"2020-04-03T22:06:22","date_gmt":"2020-04-03T22:06:22","guid":{"rendered":"https:\/\/wtcankara.org.tr\/?page_id=1244"},"modified":"2020-04-14T07:26:06","modified_gmt":"2020-04-14T07:26:06","slug":"vision-eco-friendly","status":"publish","type":"page","link":"http:\/\/wtcankara.org.tr\/tr\/vision-eco-friendly\/","title":{"rendered":"Ekolojik Yakla\u015f\u0131m"},"content":{"rendered":"<div data-vc-full-width=\"true\" data-vc-full-width-init=\"false\" class=\"vc_row wpb_row vc_row-fluid vc_custom_1586716036380 vc_row-has-fill vc_row-o-content-bottom vc_row-flex\"><div class=\"wpb_column vc_column_container vc_col-sm-6\"><div class=\"vc_column-inner\"><div class=\"wpb_wrapper\"><div  class =\"brainbizz_module_spacing\"><div class=\"spacing_size spacing_size-initial\" style=\"height:30px;\"><\/div><\/div>  \n<div id=\"brainbizz_dbl_69e4bdbb76162\" class=\"brainbizz_module_double_headings aleft\"><div class=\"heading_subtitle\" style=\"font-size:14px; line-height:12px; font-weight:600; \">WTC ANKARA<\/div><div class=\"heading_title\" style=\"font-size:36px; line-height:1.167; font-weight:400; \"><div class=\"heading_title_mobile\" style=\"font-size:35px; line-height: 1.167;\">Ticaret Vas\u0131tas\u0131yla Bar\u0131\u015f ve \u0130stikrar<\/div><\/div><\/div>  \n<div  class =\"brainbizz_module_spacing\"><div class=\"spacing_size spacing_size-initial\" style=\"height:24px;\"><\/div><\/div>  \n\n\t<div class=\"wpb_text_column wpb_content_element\" >\n\t\t<div class=\"wpb_wrapper\">\n\t\t\t<p>Vizyonumuz, ekonomik b\u00fcy\u00fcmeyi h\u0131zland\u0131ran ve Ankara \/ T\u00dcRK\u0130YE ve \u00e7evresindeki b\u00f6lgenin ticari gelece\u011fini \u015fekillendiren, k\u00fcresel ticaretin ve i\u015f d\u00fcnyas\u0131n\u0131n \u00f6nde gelen ticaret merkezlerinden biri olmakt\u0131r.<\/p>\n\n\t\t<\/div>\n\t<\/div>\n<div  class =\"brainbizz_module_spacing\"><div class=\"spacing_size spacing_size-initial\" style=\"height:40px;\"><\/div><\/div>  \n<\/div><\/div><\/div><div class=\"wpb_column vc_column_container vc_col-sm-6\"><div class=\"vc_column-inner\"><div class=\"wpb_wrapper\">\n\t<div  class=\"wpb_single_image wpb_content_element vc_align_center\">\n\t\t\n\t\t<figure class=\"wpb_wrapper vc_figure\">\n\t\t\t<div class=\"vc_single_image-wrapper   vc_box_border_grey\"><img loading=\"lazy\" decoding=\"async\" width=\"1200\" height=\"740\" src=\"https:\/\/wtcankara.org.tr\/wp-content\/uploads\/2020\/04\/eco-vision.png\" class=\"vc_single_image-img attachment-full\" alt=\"\" srcset=\"https:\/\/wtcankara.org.tr\/wp-content\/uploads\/2020\/04\/eco-vision.png 1200w, https:\/\/wtcankara.org.tr\/wp-content\/uploads\/2020\/04\/eco-vision-300x185.png 300w, https:\/\/wtcankara.org.tr\/wp-content\/uploads\/2020\/04\/eco-vision-1024x631.png 1024w, https:\/\/wtcankara.org.tr\/wp-content\/uploads\/2020\/04\/eco-vision-768x474.png 768w\" sizes=\"auto, (max-width: 1200px) 100vw, 1200px\" \/><\/div>\n\t\t<\/figure>\n\t<\/div>\n<\/div><\/div><\/div><\/div><div class=\"vc_row-full-width vc_clearfix\"><\/div><div data-vc-full-width=\"true\" data-vc-full-width-init=\"false\" class=\"vc_row wpb_row vc_row-fluid vc_custom_1586716041675 vc_row-has-fill vc_row-o-content-bottom vc_row-flex\"><div class=\"wpb_column vc_column_container vc_col-sm-6\"><div class=\"vc_column-inner\"><div class=\"wpb_wrapper\"><div  class =\"brainbizz_module_spacing\"><div class=\"spacing_size spacing_size-initial\" style=\"height:25px;\"><\/div><\/div>  \n\n\t<div  class=\"wpb_single_image wpb_content_element vc_align_center\">\n\t\t\n\t\t<figure class=\"wpb_wrapper vc_figure\">\n\t\t\t<div class=\"vc_single_image-wrapper   vc_box_border_grey\"><img loading=\"lazy\" decoding=\"async\" class=\"vc_single_image-img\" src=\"https:\/\/wtcankara.org.tr\/wp-content\/uploads\/2020\/04\/186-scaled-300x370.jpg\" width=\"300\" height=\"370\" alt=\"Bloom sprout from the soil isolated on white background, conservation concept\" title=\"seedling\" \/><\/div>\n\t\t<\/figure>\n\t<\/div>\n<\/div><\/div><\/div><div class=\"wpb_column vc_column_container vc_col-sm-6\"><div class=\"vc_column-inner\"><div class=\"wpb_wrapper\"><div  class =\"brainbizz_module_spacing\"><div class=\"spacing_size spacing_size-initial\" style=\"height:30px;\"><\/div><\/div>  \n<div id=\"brainbizz_dbl_69e4bdbb77012\" class=\"brainbizz_module_double_headings aleft\"><div class=\"heading_subtitle\" style=\"font-size:14px; line-height:12px; font-weight:600; \">WTC ANKARA<\/div><div class=\"heading_title\" style=\"font-size:36px; line-height:1.167; font-weight:400; \"><div class=\"heading_title_mobile\" style=\"font-size:35px; line-height: 1.167;\">Ticaret ve Yat\u0131r\u0131m Vas\u0131tas\u0131yla Refah<\/div><\/div><\/div>  \n<div  class =\"brainbizz_module_spacing\"><div class=\"spacing_size spacing_size-initial\" style=\"height:30px;\"><\/div><\/div>  \n\n\t<div class=\"wpb_text_column wpb_content_element\" >\n\t\t<div class=\"wpb_wrapper\">\n\t\t\t<p>Vizyonumuz, sosyal ve ekolojik sorumluluklar\u0131n\u0131n bilincinde olan i\u015fletmeler i\u00e7in bir merkez olmakt\u0131r. WTC Ankara olarak, temiz teknoloji sa\u011flay\u0131c\u0131lar\u0131n\u0131n ve ye\u015fil i\u015f uygulamalar\u0131n\u0131n s\u00fcrd\u00fcr\u00fclebilir b\u00fcy\u00fcme ve kalk\u0131nmaya en \u00f6nemli katk\u0131y\u0131 sa\u011flad\u0131\u011f\u0131na inanmaktay\u0131z.<\/p>\n\n\t\t<\/div>\n\t<\/div>\n<div  class =\"brainbizz_module_spacing\"><div class=\"spacing_size spacing_size-initial\" style=\"height:40px;\"><\/div><\/div>  \n<\/div><\/div><\/div><\/div><div class=\"vc_row-full-width vc_clearfix\"><\/div><div data-vc-full-width=\"true\" data-vc-full-width-init=\"false\" class=\"vc_row wpb_row vc_row-fluid vc_custom_1586774257223 vc_row-has-fill vc_row-o-content-bottom vc_row-flex\"><div class=\"wpb_column vc_column_container vc_col-sm-6\"><div class=\"vc_column-inner\"><div class=\"wpb_wrapper\"><div  class =\"brainbizz_module_spacing\"><div class=\"spacing_size spacing_size-initial\" style=\"height:30px;\"><\/div><\/div>  \n<div id=\"brainbizz_dbl_69e4bdbb771cb\" class=\"brainbizz_module_double_headings aleft\"><div class=\"heading_subtitle\" style=\"font-size:14px; line-height:12px; font-weight:600; \">WTC ANKARA<\/div><div class=\"heading_title\" style=\"font-size:36px; line-height:1.167; font-weight:400; \"><div class=\"heading_title_mobile\" style=\"font-size:35px; line-height: 1.167;\">Ekolojik Ekonomi ve Ticari \u0130li\u015fkiler<\/div><\/div><\/div>  \n<div  class =\"brainbizz_module_spacing\"><div class=\"spacing_size spacing_size-initial\" style=\"height:24px;\"><\/div><\/div>  \n\n\t<div class=\"wpb_text_column wpb_content_element\" >\n\t\t<div class=\"wpb_wrapper\">\n\t\t\t<p>Ekolojik s\u0131n\u0131rlar\u0131 ihlal etmeye devam edersek s\u00fcrd\u00fcr\u00fclebilir sosyal ve ekonomik geli\u015fme olmayacakt\u0131r. Vizyonumuz, her b\u00fcy\u00fckl\u00fckteki i\u015fletmenin faaliyetlerini geli\u015ftirmesi i\u00e7in uygun bir ortam yaratan ekonomik ve sosyal politikalar ile uygulamalar olu\u015fturmak ve ye\u015fil \/ \u00e7evre dostu i\u015fletmelerin varl\u0131\u011f\u0131n\u0131 desteklemektir.<\/p>\n\n\t\t<\/div>\n\t<\/div>\n<div  class =\"brainbizz_module_spacing\"><div class=\"spacing_size spacing_size-initial\" style=\"height:70px;\"><\/div><\/div>  \n<\/div><\/div><\/div><div class=\"wpb_column vc_column_container vc_col-sm-6\"><div class=\"vc_column-inner\"><div class=\"wpb_wrapper\"><div  class =\"brainbizz_module_spacing\"><div class=\"spacing_size spacing_size-initial\" style=\"height:65px;\"><\/div><\/div>  \n\n\t<div  class=\"wpb_single_image wpb_content_element vc_align_left\">\n\t\t\n\t\t<figure class=\"wpb_wrapper vc_figure\">\n\t\t\t<div class=\"vc_single_image-wrapper   vc_box_border_grey\"><img loading=\"lazy\" decoding=\"async\" width=\"1200\" height=\"684\" src=\"https:\/\/wtcankara.org.tr\/wp-content\/uploads\/2020\/04\/wtc-ankara-green-business-e1586735989913.jpg\" class=\"vc_single_image-img attachment-full\" alt=\"\" srcset=\"https:\/\/wtcankara.org.tr\/wp-content\/uploads\/2020\/04\/wtc-ankara-green-business-e1586735989913.jpg 1200w, https:\/\/wtcankara.org.tr\/wp-content\/uploads\/2020\/04\/wtc-ankara-green-business-e1586735989913-300x171.jpg 300w, https:\/\/wtcankara.org.tr\/wp-content\/uploads\/2020\/04\/wtc-ankara-green-business-e1586735989913-1024x584.jpg 1024w, https:\/\/wtcankara.org.tr\/wp-content\/uploads\/2020\/04\/wtc-ankara-green-business-e1586735989913-768x438.jpg 768w\" sizes=\"auto, (max-width: 1200px) 100vw, 1200px\" \/><\/div>\n\t\t<\/figure>\n\t<\/div>\n<\/div><\/div><\/div><\/div><div class=\"vc_row-full-width vc_clearfix\"><\/div>","protected":false},"excerpt":{"rendered":"WTC ANKARAPeace and Stability Through Trade Our vision is to be the premier center for global trade and commerce, a marketplace for international business accelerating economic growth and shaping the global future of Ankara\/TURKEY and the surrounding region. WTC ANKARAProsperity through Trade and Investment Our vision is to become a center for businesses which are [...]","protected":false},"author":47,"featured_media":0,"parent":0,"menu_order":0,"comment_status":"closed","ping_status":"closed","template":"","meta":{"_themeisle_gutenberg_block_has_review":false,"footnotes":""},"class_list":["post-1244","page","type-page","status-publish","hentry"],"_links":{"self":[{"href":"http:\/\/wtcankara.org.tr\/tr\/wp-json\/wp\/v2\/pages\/1244","targetHints":{"allow":["GET"]}}],"collection":[{"href":"http:\/\/wtcankara.org.tr\/tr\/wp-json\/wp\/v2\/pages"}],"about":[{"href":"http:\/\/wtcankara.org.tr\/tr\/wp-json\/wp\/v2\/types\/page"}],"author":[{"embeddable":true,"href":"http:\/\/wtcankara.org.tr\/tr\/wp-json\/wp\/v2\/users\/47"}],"replies":[{"embeddable":true,"href":"http:\/\/wtcankara.org.tr\/tr\/wp-json\/wp\/v2\/comments?post=1244"}],"version-history":[{"count":18,"href":"http:\/\/wtcankara.org.tr\/tr\/wp-json\/wp\/v2\/pages\/1244\/revisions"}],"predecessor-version":[{"id":1727,"href":"http:\/\/wtcankara.org.tr\/tr\/wp-json\/wp\/v2\/pages\/1244\/revisions\/1727"}],"wp:attachment":[{"href":"http:\/\/wtcankara.org.tr\/tr\/wp-json\/wp\/v2\/media?parent=1244"}],"curies":[{"name":"wp","href":"https:\/\/api.w.org\/{rel}","templated":true}]}}