{"id":669,"date":"2018-11-06T09:20:11","date_gmt":"2018-11-06T09:20:11","guid":{"rendered":"http:\/\/brainbizz.webgeniuslab.net\/?page_id=669"},"modified":"2020-04-13T18:29:22","modified_gmt":"2020-04-13T18:29:22","slug":"services","status":"publish","type":"page","link":"http:\/\/wtcankara.org.tr\/fr\/services\/","title":{"rendered":"Services"},"content":{"rendered":"<div class=\"vc_row wpb_row vc_row-fluid vc_custom_1541496326481 vc_row-has-fill\"><div class=\"wpb_column vc_column_container vc_col-sm-12\"><div class=\"vc_column-inner\"><div class=\"wpb_wrapper\"><div id=\"brainbizz_dbl_69e4b75bac1d1\" class=\"brainbizz_module_double_headings aleft\"><div class=\"heading_subtitle\" style=\"font-size:14px; line-height:12px; font-weight:600; \">Nos Services<\/div><div class=\"heading_title\" style=\"font-size:36px; line-height:1.167; font-weight:400; \">Ce Que Nous Vous Proposons<\/div><\/div>  \n<div  class =\"brainbizz_module_spacing\"><div class=\"spacing_size spacing_size-initial\" style=\"height:21px;\"><\/div><\/div>  \n\n\t<div class=\"wpb_text_column wpb_content_element\" >\n\t\t<div class=\"wpb_wrapper\">\n\t\t\t<p>Il y a plus de 330 World Trade Centers dans 100 pays, et les membres peuvent utiliser les services et installations de tous les World Trade Centers aux tarifs membres. Ces services comprennent l'acc\u00e8s \u00e0 des espaces de bureau temporaires et des installations de r\u00e9union, des services de conseil commercial et financier, des missions commerciales et des services de mise en relation, des r\u00e9ductions sur les espaces de bureau \u00e0 long terme et les h\u00f4tels locaux, ainsi que des r\u00e9ductions sur les \u00e9v\u00e9nements \u00e9ducatifs et de r\u00e9seautage.<\/p>\n\n\t\t<\/div>\n\t<\/div>\n<div  class =\"brainbizz_module_spacing\"><div class=\"spacing_size spacing_size-initial\" style=\"height:41px;\"><\/div><\/div>  \n<div class=\"vc_row wpb_row vc_inner vc_row-fluid\"><div class=\"wpb_column vc_column_container vc_col-sm-6 vc_col-lg-4 vc_col-md-6\"><div class=\"vc_column-inner\"><div class=\"wpb_wrapper\"><div class=\"brainbizz_module_services service_back_slide aleft anim_dir_to_right bg_front_frame\"><div class=\"services_wrapper\"><div class=\"services_front\" style=\"border-color:#e4e4e4;\"><div class=\"services_icon_wrapper\"><i class=\"services_icon flaticon-world\" style=\" color:#f0a24b;\"><\/i><\/div><h5 class=\"services_title\" style=\"color:#151515;\">Conseil en Commerce Ext\u00e9rieur<\/h5><div class=\"services_descr\" style=\"color:#616161;\">WTC Ankara fournit des informations commerciales et des services de conseil en commerce ext\u00e9rieur aux entreprises cherchant \u00e0 exporter\/importer...<\/div><\/div><div class=\"services_back\" style=\"background-image: url(https:\/\/wtcankara.org.tr\/wp-content\/uploads\/2020\/04\/serv1.jpg);\"><\/div><div class=\"services_button\"><div id=\"brainbizz_button_69e4b75bad2d3\" class=\"brainbizz_module_button wgl_button wgl_button-xl aleft\"><a href=\"https:\/\/wtcankara.org.tr\/fr\/services\/foreign-trade-consultancy\/\" title='Conseil en Commerce Ext\u00e9rieur' style=\"border-width:1px; margin-bottom:0px; \" class=\"wgl_button_link\">EN SAVOIR PLUS<\/a><\/div>\n<\/div><\/div><\/div><div  class =\"brainbizz_module_spacing\"><div class=\"spacing_size spacing_size-initial\" style=\"height:30px;\"><\/div><\/div>  \n<\/div><\/div><\/div><div class=\"wpb_column vc_column_container vc_col-sm-6 vc_col-lg-4 vc_col-md-6\"><div class=\"vc_column-inner\"><div class=\"wpb_wrapper\"><div class=\"brainbizz_module_services service_fade aleft bg_front_frame\"><div class=\"services_wrapper\"><div class=\"services_front\" style=\"border-color:#e4e4e4;\"><div class=\"services_icon_wrapper\"><i class=\"services_icon flaticon-graph\" style=\" color:#f0a24b;\"><\/i><\/div><h5 class=\"services_title\" style=\"color:#151515;\">Conseil Financier<\/h5><div class=\"services_descr\" style=\"color:#616161;\">WTC Ankara collabore avec des investisseurs en capital-risque et en capital-investissement pour aider les membres \u00e0 d\u00e9velopper leur...<\/div><\/div><div class=\"services_back\" style=\"background-image: url(https:\/\/wtcankara.org.tr\/wp-content\/uploads\/2020\/04\/serv2.jpg);\"><\/div><div class=\"services_button\"><div id=\"brainbizz_button_69e4b75bad7a8\" class=\"brainbizz_module_button wgl_button wgl_button-xl aleft\"><a href=\"https:\/\/wtcankara.org.tr\/fr\/services\/financial-consulting-2\/\" title='Conseil Financier' style=\"border-width:1px; margin-bottom:0px; \" class=\"wgl_button_link\">EN SAVOIR PLUS<\/a><\/div>\n<\/div><\/div><\/div><div  class =\"brainbizz_module_spacing\"><div class=\"spacing_size spacing_size-initial\" style=\"height:30px;\"><\/div><\/div>  \n<\/div><\/div><\/div><div class=\"wpb_column vc_column_container vc_col-sm-6 vc_col-lg-4 vc_col-md-6 vc_hidden-md vc_hidden-sm vc_hidden-xs\"><div class=\"vc_column-inner\"><div class=\"wpb_wrapper\"><div class=\"brainbizz_module_services service_back_slide aleft anim_dir_to_left bg_front_frame\"><div class=\"services_wrapper\"><div class=\"services_front\" style=\"border-color:#e4e4e4;\"><div class=\"services_icon_wrapper\"><i class=\"services_icon flaticon-yield\" style=\" color:#f0a24b;\"><\/i><\/div><h5 class=\"services_title\" style=\"color:#151515;\">Investissement Direct \u00c9tranger (IDE)<\/h5><div class=\"services_descr\" style=\"color:#616161;\">WTC Ankara travaille avec les responsables locaux et les organisations de d\u00e9veloppement \u00e9conomique locales pour attirer...<\/div><\/div><div class=\"services_back\" style=\"background-image: url(https:\/\/wtcankara.org.tr\/wp-content\/uploads\/2020\/04\/serv3.jpg);\"><\/div><div class=\"services_button\"><div id=\"brainbizz_button_69e4b75badc72\" class=\"brainbizz_module_button wgl_button wgl_button-xl aleft\"><a href=\"https:\/\/wtcankara.org.tr\/fr\/services\/foreign-direct-investment\/\" title='Investissement Direct \u00c9tranger (IDE)' style=\"border-width:1px; margin-bottom:0px; \" class=\"wgl_button_link\">EN SAVOIR PLUS<\/a><\/div>\n<\/div><\/div><\/div><div  class =\"brainbizz_module_spacing\"><div class=\"spacing_size spacing_size-initial\" style=\"height:30px;\"><\/div><\/div>  \n<\/div><\/div><\/div><\/div><div class=\"vc_row wpb_row vc_inner vc_row-fluid\"><div class=\"wpb_column vc_column_container vc_col-sm-6 vc_col-lg-4 vc_col-md-6\"><div class=\"vc_column-inner\"><div class=\"wpb_wrapper\"><div class=\"brainbizz_module_services service_back_slide aleft anim_dir_to_right bg_front_frame\"><div class=\"services_wrapper\"><div class=\"services_front\" style=\"border-color:#e4e4e4;\"><div class=\"services_icon_wrapper\"><i class=\"services_icon flaticon-chart-1\" style=\" color:#f0a24b;\"><\/i><\/div><h5 class=\"services_title\" style=\"color:#151515;\">\u00c9tude de March\u00e9<\/h5><div class=\"services_descr\" style=\"color:#616161;\">WTC Ankara vous aide \u00e0 mener des \u00e9tudes de march\u00e9 pour identifier les march\u00e9s principaux sp\u00e9cifiquement pour...<\/div><\/div><div class=\"services_back\" style=\"background-image: url();\"><\/div><div class=\"services_button\"><div id=\"brainbizz_button_69e4b75bae11d\" class=\"brainbizz_module_button wgl_button wgl_button-xl aleft\"><a href=\"https:\/\/wtcankara.org.tr\/fr\/services\/market-research\/\" title='\u00c9tude de March\u00e9' style=\"border-width:1px; margin-bottom:0px; \" class=\"wgl_button_link\">EN SAVOIR PLUS<\/a><\/div>\n<\/div><\/div><\/div><div  class =\"brainbizz_module_spacing\"><div class=\"spacing_size spacing_size-initial\" style=\"height:30px;\"><\/div><\/div>  \n<\/div><\/div><\/div><div class=\"wpb_column vc_column_container vc_col-sm-6 vc_col-lg-4 vc_col-md-6\"><div class=\"vc_column-inner\"><div class=\"wpb_wrapper\"><div class=\"brainbizz_module_services service_back_slide aleft anim_dir_to_top bg_front_frame\"><div class=\"services_wrapper\"><div class=\"services_front\" style=\"border-color:#e4e4e4;\"><div class=\"services_icon_wrapper\"><i class=\"services_icon flaticon-handshake\" style=\" color:#f0a24b;\"><\/i><\/div><h5 class=\"services_title\" style=\"color:#151515;\">Missions Commerciales<\/h5><div class=\"services_descr\" style=\"color:#616161;\">Nous accueillons r\u00e9guli\u00e8rement des d\u00e9l\u00e9gations internationales de chefs d'entreprise et d'officiels gouvernementaux cherchant \u00e0 promouvoir les \u00e9changes internationaux...<\/div><\/div><div class=\"services_back\" style=\"background-image: url(https:\/\/wtcankara.org.tr\/wp-content\/uploads\/2020\/04\/servv6.jpg);\"><\/div><div class=\"services_button\"><div id=\"brainbizz_button_69e4b75bae544\" class=\"brainbizz_module_button wgl_button wgl_button-xl aleft\"><a href=\"https:\/\/wtcankara.org.tr\/fr\/services\/trade-missions\/\" title='Missions Commerciales' style=\"border-width:1px; margin-bottom:0px; \" class=\"wgl_button_link\">EN SAVOIR PLUS<\/a><\/div>\n<\/div><\/div><\/div><\/div><\/div><\/div><div class=\"wpb_column vc_column_container vc_col-sm-6 vc_col-lg-4 vc_col-md-6 vc_hidden-md vc_hidden-sm vc_hidden-xs\"><div class=\"vc_column-inner\"><div class=\"wpb_wrapper\"><div class=\"brainbizz_module_services service_back_slide aleft anim_dir_to_left bg_front_frame\"><div class=\"services_wrapper\"><div class=\"services_front\" style=\"border-color:#e4e4e4;\"><div class=\"services_icon_wrapper\"><i class=\"services_icon flaticon-chart\" style=\" color:#f0a24b;\"><\/i><\/div><h5 class=\"services_title\" style=\"color:#151515;\">Formation Commerciale<\/h5><div class=\"services_descr\" style=\"color:#616161;\">WTC Ankara organise r\u00e9guli\u00e8rement des s\u00e9minaires et des ateliers sur des questions cruciales pour les entreprises souhaitant op\u00e9rer \u00e0 l'\u00e9chelle mondiale...<\/div><\/div><div class=\"services_back\" style=\"background-image: url(https:\/\/wtcankara.org.tr\/wp-content\/uploads\/2020\/04\/serv6.jpg);\"><\/div><div class=\"services_button\"><div id=\"brainbizz_button_69e4b75bae88f\" class=\"brainbizz_module_button wgl_button wgl_button-xl aleft\"><a href=\"https:\/\/wtcankara.org.tr\/fr\/services\/trade-education\/\" title='Formation Commerciale' style=\"border-width:1px; margin-bottom:0px; \" class=\"wgl_button_link\">EN SAVOIR PLUS<\/a><\/div>\n<\/div><\/div><\/div><\/div><\/div><\/div><\/div><div id=\"brainbizz_spacer_69e4b75bae8f5\" class =\"brainbizz_module_spacing responsive_active\"><div class=\"spacing_size spacing_size-initial\" style=\"height:60px;\"><\/div><div class=\"spacing_size spacing_size-mobile\" style=\"height:75px;\"><\/div><\/div>  \n<\/div><\/div><\/div><\/div>","protected":false},"excerpt":{"rendered":"OUR SERVICESWhat We Offer for You There are over 330 World Trade Centers in 100 countries, and members may utilize the services and facilities of all World Trade Centers at their member rates. Such services include access to temporary office space and meeting facilities, commercial &amp; financial consultancy services, trade missions &amp; matchmaking services, discounts [...]","protected":false},"author":47,"featured_media":0,"parent":0,"menu_order":0,"comment_status":"closed","ping_status":"closed","template":"","meta":{"_themeisle_gutenberg_block_has_review":false,"footnotes":""},"class_list":["post-669","page","type-page","status-publish","hentry"],"_links":{"self":[{"href":"http:\/\/wtcankara.org.tr\/fr\/wp-json\/wp\/v2\/pages\/669","targetHints":{"allow":["GET"]}}],"collection":[{"href":"http:\/\/wtcankara.org.tr\/fr\/wp-json\/wp\/v2\/pages"}],"about":[{"href":"http:\/\/wtcankara.org.tr\/fr\/wp-json\/wp\/v2\/types\/page"}],"author":[{"embeddable":true,"href":"http:\/\/wtcankara.org.tr\/fr\/wp-json\/wp\/v2\/users\/47"}],"replies":[{"embeddable":true,"href":"http:\/\/wtcankara.org.tr\/fr\/wp-json\/wp\/v2\/comments?post=669"}],"version-history":[{"count":20,"href":"http:\/\/wtcankara.org.tr\/fr\/wp-json\/wp\/v2\/pages\/669\/revisions"}],"predecessor-version":[{"id":1710,"href":"http:\/\/wtcankara.org.tr\/fr\/wp-json\/wp\/v2\/pages\/669\/revisions\/1710"}],"wp:attachment":[{"href":"http:\/\/wtcankara.org.tr\/fr\/wp-json\/wp\/v2\/media?parent=669"}],"curies":[{"name":"wp","href":"https:\/\/api.w.org\/{rel}","templated":true}]}}