{"id":1244,"date":"2020-04-03T22:06:22","date_gmt":"2020-04-03T22:06:22","guid":{"rendered":"https:\/\/wtcankara.org.tr\/?page_id=1244"},"modified":"2020-04-14T07:26:06","modified_gmt":"2020-04-14T07:26:06","slug":"vision-eco-friendly","status":"publish","type":"page","link":"http:\/\/wtcankara.org.tr\/fr\/vision-eco-friendly\/","title":{"rendered":"Vision \/ \u00c9cologique"},"content":{"rendered":"<div data-vc-full-width=\"true\" data-vc-full-width-init=\"false\" class=\"vc_row wpb_row vc_row-fluid vc_custom_1586716036380 vc_row-has-fill vc_row-o-content-bottom vc_row-flex\"><div class=\"wpb_column vc_column_container vc_col-sm-6\"><div class=\"vc_column-inner\"><div class=\"wpb_wrapper\"><div  class =\"brainbizz_module_spacing\"><div class=\"spacing_size spacing_size-initial\" style=\"height:30px;\"><\/div><\/div>  \n<div id=\"brainbizz_dbl_69e4a4ccc3c21\" class=\"brainbizz_module_double_headings aleft\"><div class=\"heading_subtitle\" style=\"font-size:14px; line-height:12px; font-weight:600; \">WTC ANKARA<\/div><div class=\"heading_title\" style=\"font-size:36px; line-height:1.167; font-weight:400; \"><div class=\"heading_title_mobile\" style=\"font-size:35px; line-height: 1.167;\">La Paix et la Stabilit\u00e9 gr\u00e1ce au Commerce<\/div><\/div><\/div>  \n<div  class =\"brainbizz_module_spacing\"><div class=\"spacing_size spacing_size-initial\" style=\"height:24px;\"><\/div><\/div>  \n\n\t<div class=\"wpb_text_column wpb_content_element\" >\n\t\t<div class=\"wpb_wrapper\">\n\t\t\t<p>Notre vision est d'\u00eatre le centre d'excellence pour le commerce et les affaires mondiales, un march\u00e9 pour les entreprises internationales acc\u00e9l\u00e9rant la croissance \u00e9conomique et fa\u00e7onnant l'avenir mondial d'Ankara\/TURQUIE et de la r\u00e9gion environnante.<\/p>\n\n\t\t<\/div>\n\t<\/div>\n<div  class =\"brainbizz_module_spacing\"><div class=\"spacing_size spacing_size-initial\" style=\"height:40px;\"><\/div><\/div>  \n<\/div><\/div><\/div><div class=\"wpb_column vc_column_container vc_col-sm-6\"><div class=\"vc_column-inner\"><div class=\"wpb_wrapper\">\n\t<div  class=\"wpb_single_image wpb_content_element vc_align_center\">\n\t\t\n\t\t<figure class=\"wpb_wrapper vc_figure\">\n\t\t\t<div class=\"vc_single_image-wrapper   vc_box_border_grey\"><img loading=\"lazy\" decoding=\"async\" width=\"1200\" height=\"740\" src=\"https:\/\/wtcankara.org.tr\/wp-content\/uploads\/2020\/04\/eco-vision.png\" class=\"vc_single_image-img attachment-full\" alt=\"\" srcset=\"https:\/\/wtcankara.org.tr\/wp-content\/uploads\/2020\/04\/eco-vision.png 1200w, https:\/\/wtcankara.org.tr\/wp-content\/uploads\/2020\/04\/eco-vision-300x185.png 300w, https:\/\/wtcankara.org.tr\/wp-content\/uploads\/2020\/04\/eco-vision-1024x631.png 1024w, https:\/\/wtcankara.org.tr\/wp-content\/uploads\/2020\/04\/eco-vision-768x474.png 768w\" sizes=\"auto, (max-width: 1200px) 100vw, 1200px\" \/><\/div>\n\t\t<\/figure>\n\t<\/div>\n<\/div><\/div><\/div><\/div><div class=\"vc_row-full-width vc_clearfix\"><\/div><div data-vc-full-width=\"true\" data-vc-full-width-init=\"false\" class=\"vc_row wpb_row vc_row-fluid vc_custom_1586716041675 vc_row-has-fill vc_row-o-content-bottom vc_row-flex\"><div class=\"wpb_column vc_column_container vc_col-sm-6\"><div class=\"vc_column-inner\"><div class=\"wpb_wrapper\"><div  class =\"brainbizz_module_spacing\"><div class=\"spacing_size spacing_size-initial\" style=\"height:25px;\"><\/div><\/div>  \n\n\t<div  class=\"wpb_single_image wpb_content_element vc_align_center\">\n\t\t\n\t\t<figure class=\"wpb_wrapper vc_figure\">\n\t\t\t<div class=\"vc_single_image-wrapper   vc_box_border_grey\"><img loading=\"lazy\" decoding=\"async\" class=\"vc_single_image-img\" src=\"https:\/\/wtcankara.org.tr\/wp-content\/uploads\/2020\/04\/186-scaled-300x370.jpg\" width=\"300\" height=\"370\" alt=\"Bloom sprout from the soil isolated on white background, conservation concept\" title=\"seedling\" \/><\/div>\n\t\t<\/figure>\n\t<\/div>\n<\/div><\/div><\/div><div class=\"wpb_column vc_column_container vc_col-sm-6\"><div class=\"vc_column-inner\"><div class=\"wpb_wrapper\"><div  class =\"brainbizz_module_spacing\"><div class=\"spacing_size spacing_size-initial\" style=\"height:30px;\"><\/div><\/div>  \n<div id=\"brainbizz_dbl_69e4a4ccc51ce\" class=\"brainbizz_module_double_headings aleft\"><div class=\"heading_subtitle\" style=\"font-size:14px; line-height:12px; font-weight:600; \">WTC ANKARA<\/div><div class=\"heading_title\" style=\"font-size:36px; line-height:1.167; font-weight:400; \"><div class=\"heading_title_mobile\" style=\"font-size:35px; line-height: 1.167;\">La Prosp\u00e9rit\u00e9 par Le Commerce et L'Investissement<\/div><\/div><\/div>  \n<div  class =\"brainbizz_module_spacing\"><div class=\"spacing_size spacing_size-initial\" style=\"height:30px;\"><\/div><\/div>  \n\n\t<div class=\"wpb_text_column wpb_content_element\" >\n\t\t<div class=\"wpb_wrapper\">\n\t\t\t<p>Notre vision est de devenir un centre pour les entreprises qui sont conscientes de leurs responsabilit\u00e9s sociales et \u00e9cologiques. WTC Ankara croit que les fournisseurs de technologies propres et les pratiques commerciales durables contribuent le plus \u00e0 la croissance et au d\u00e9veloppement durables.<\/p>\n\n\t\t<\/div>\n\t<\/div>\n<div  class =\"brainbizz_module_spacing\"><div class=\"spacing_size spacing_size-initial\" style=\"height:40px;\"><\/div><\/div>  \n<\/div><\/div><\/div><\/div><div class=\"vc_row-full-width vc_clearfix\"><\/div><div data-vc-full-width=\"true\" data-vc-full-width-init=\"false\" class=\"vc_row wpb_row vc_row-fluid vc_custom_1586774257223 vc_row-has-fill vc_row-o-content-bottom vc_row-flex\"><div class=\"wpb_column vc_column_container vc_col-sm-6\"><div class=\"vc_column-inner\"><div class=\"wpb_wrapper\"><div  class =\"brainbizz_module_spacing\"><div class=\"spacing_size spacing_size-initial\" style=\"height:30px;\"><\/div><\/div>  \n<div id=\"brainbizz_dbl_69e4a4ccc54e6\" class=\"brainbizz_module_double_headings aleft\"><div class=\"heading_subtitle\" style=\"font-size:14px; line-height:12px; font-weight:600; \">WTC ANKARA<\/div><div class=\"heading_title\" style=\"font-size:36px; line-height:1.167; font-weight:400; \"><div class=\"heading_title_mobile\" style=\"font-size:35px; line-height: 1.167;\">\u00c9conomie \u00c9cologique et Entreprise<\/div><\/div><\/div>  \n<div  class =\"brainbizz_module_spacing\"><div class=\"spacing_size spacing_size-initial\" style=\"height:24px;\"><\/div><\/div>  \n\n\t<div class=\"wpb_text_column wpb_content_element\" >\n\t\t<div class=\"wpb_wrapper\">\n\t\t\t<p>Il n'y aura pas de d\u00e9veloppement social et \u00e9conomique durable si nous continuons \u00e0 enfreindre les limites \u00e9cologiques. Notre vision est de cr\u00e9er des politiques et des pratiques \u00e9conomiques et sociales qui favorisent un environnement propice au d\u00e9veloppement des entreprises de toutes tailles, tout en soutenant l'existence d'entreprises vertes\/\u00e9cologiques.<\/p>\n\n\t\t<\/div>\n\t<\/div>\n<div  class =\"brainbizz_module_spacing\"><div class=\"spacing_size spacing_size-initial\" style=\"height:70px;\"><\/div><\/div>  \n<\/div><\/div><\/div><div class=\"wpb_column vc_column_container vc_col-sm-6\"><div class=\"vc_column-inner\"><div class=\"wpb_wrapper\"><div  class =\"brainbizz_module_spacing\"><div class=\"spacing_size spacing_size-initial\" style=\"height:65px;\"><\/div><\/div>  \n\n\t<div  class=\"wpb_single_image wpb_content_element vc_align_left\">\n\t\t\n\t\t<figure class=\"wpb_wrapper vc_figure\">\n\t\t\t<div class=\"vc_single_image-wrapper   vc_box_border_grey\"><img loading=\"lazy\" decoding=\"async\" width=\"1200\" height=\"684\" src=\"https:\/\/wtcankara.org.tr\/wp-content\/uploads\/2020\/04\/wtc-ankara-green-business-e1586735989913.jpg\" class=\"vc_single_image-img attachment-full\" alt=\"\" srcset=\"https:\/\/wtcankara.org.tr\/wp-content\/uploads\/2020\/04\/wtc-ankara-green-business-e1586735989913.jpg 1200w, https:\/\/wtcankara.org.tr\/wp-content\/uploads\/2020\/04\/wtc-ankara-green-business-e1586735989913-300x171.jpg 300w, https:\/\/wtcankara.org.tr\/wp-content\/uploads\/2020\/04\/wtc-ankara-green-business-e1586735989913-1024x584.jpg 1024w, https:\/\/wtcankara.org.tr\/wp-content\/uploads\/2020\/04\/wtc-ankara-green-business-e1586735989913-768x438.jpg 768w\" sizes=\"auto, (max-width: 1200px) 100vw, 1200px\" \/><\/div>\n\t\t<\/figure>\n\t<\/div>\n<\/div><\/div><\/div><\/div><div class=\"vc_row-full-width vc_clearfix\"><\/div>","protected":false},"excerpt":{"rendered":"WTC ANKARAPeace and Stability Through Trade Our vision is to be the premier center for global trade and commerce, a marketplace for international business accelerating economic growth and shaping the global future of Ankara\/TURKEY and the surrounding region. WTC ANKARAProsperity through Trade and Investment Our vision is to become a center for businesses which are [...]","protected":false},"author":47,"featured_media":0,"parent":0,"menu_order":0,"comment_status":"closed","ping_status":"closed","template":"","meta":{"_themeisle_gutenberg_block_has_review":false,"footnotes":""},"class_list":["post-1244","page","type-page","status-publish","hentry"],"_links":{"self":[{"href":"http:\/\/wtcankara.org.tr\/fr\/wp-json\/wp\/v2\/pages\/1244","targetHints":{"allow":["GET"]}}],"collection":[{"href":"http:\/\/wtcankara.org.tr\/fr\/wp-json\/wp\/v2\/pages"}],"about":[{"href":"http:\/\/wtcankara.org.tr\/fr\/wp-json\/wp\/v2\/types\/page"}],"author":[{"embeddable":true,"href":"http:\/\/wtcankara.org.tr\/fr\/wp-json\/wp\/v2\/users\/47"}],"replies":[{"embeddable":true,"href":"http:\/\/wtcankara.org.tr\/fr\/wp-json\/wp\/v2\/comments?post=1244"}],"version-history":[{"count":18,"href":"http:\/\/wtcankara.org.tr\/fr\/wp-json\/wp\/v2\/pages\/1244\/revisions"}],"predecessor-version":[{"id":1727,"href":"http:\/\/wtcankara.org.tr\/fr\/wp-json\/wp\/v2\/pages\/1244\/revisions\/1727"}],"wp:attachment":[{"href":"http:\/\/wtcankara.org.tr\/fr\/wp-json\/wp\/v2\/media?parent=1244"}],"curies":[{"name":"wp","href":"https:\/\/api.w.org\/{rel}","templated":true}]}}